{"id":14375,"date":"2023-10-26T10:53:10","date_gmt":"2023-10-26T09:53:10","guid":{"rendered":"https:\/\/baralivres.ma\/?post_type=product&#038;p=14375"},"modified":"2024-11-28T17:11:37","modified_gmt":"2024-11-28T16:11:37","slug":"le-rouge-et-le-noir","status":"publish","type":"product","link":"https:\/\/baralivres.ma\/?product=le-rouge-et-le-noir","title":{"rendered":"Le Rouge et le Noir"},"content":{"rendered":"<p><span>Jeune et ambitieux, Julien Sorel, anim\u00e9 par l&rsquo;h\u00e9ritage napol\u00e9onien, embrasse la carri\u00e8re de pr\u00e9cepteur au service de Monsieur de R\u00e9nal\u00a0, le maire de Verri\u00e8res. <\/span><span>Son charme et son d\u00e9sir ardent de r\u00e9ussite le poussent \u00e0 une relation amoureuse avec la douce Madame de R\u00e9nal, ainsi qu&rsquo;\u00e0 s&rsquo;impliquer sentimentalement avec Mathilde de la Mole, une femme passionn\u00e9e de la haute soci\u00e9t\u00e9. <\/span><span>Ces liaisons sont \u00e0 la fois des moyens de progr\u00e8s social et les \u00e9l\u00e9ments d\u00e9clencheurs de sa d\u00e9ch\u00e9ance.<\/span><\/p>\n","protected":false},"excerpt":{"rendered":"<p>Jeune homme ambitieux inspir\u00e9 par Napol\u00e9on, Julien Sorel devient pr\u00e9cepteur des enfants de M. de R\u00eanal. Il cherche l&rsquo;ascension sociale et s&rsquo;implique dans des liaisons amoureuses qui marquent sa mont\u00e9e et sa chute.<\/p>\n","protected":false},"featured_media":14380,"comment_status":"open","ping_status":"closed","template":"","meta":{"inline_featured_image":false},"product_cat":[4097,4096],"product_tag":[],"class_list":{"0":"post-14375","1":"product","2":"type-product","3":"status-publish","4":"has-post-thumbnail","6":"product_cat-francais-les_romans_classique","7":"product_cat-les_romans_classique","8":"pa_auteurs-stendhal","10":"first","11":"instock","12":"shipping-taxable","13":"purchasable","14":"product-type-simple"},"_links":{"self":[{"href":"https:\/\/baralivres.ma\/index.php?rest_route=\/wp\/v2\/product\/14375","targetHints":{"allow":["GET"]}}],"collection":[{"href":"https:\/\/baralivres.ma\/index.php?rest_route=\/wp\/v2\/product"}],"about":[{"href":"https:\/\/baralivres.ma\/index.php?rest_route=\/wp\/v2\/types\/product"}],"replies":[{"embeddable":true,"href":"https:\/\/baralivres.ma\/index.php?rest_route=%2Fwp%2Fv2%2Fcomments&post=14375"}],"version-history":[{"count":1,"href":"https:\/\/baralivres.ma\/index.php?rest_route=\/wp\/v2\/product\/14375\/revisions"}],"predecessor-version":[{"id":14381,"href":"https:\/\/baralivres.ma\/index.php?rest_route=\/wp\/v2\/product\/14375\/revisions\/14381"}],"wp:featuredmedia":[{"embeddable":true,"href":"https:\/\/baralivres.ma\/index.php?rest_route=\/wp\/v2\/media\/14380"}],"wp:attachment":[{"href":"https:\/\/baralivres.ma\/index.php?rest_route=%2Fwp%2Fv2%2Fmedia&parent=14375"}],"wp:term":[{"taxonomy":"product_cat","embeddable":true,"href":"https:\/\/baralivres.ma\/index.php?rest_route=%2Fwp%2Fv2%2Fproduct_cat&post=14375"},{"taxonomy":"product_tag","embeddable":true,"href":"https:\/\/baralivres.ma\/index.php?rest_route=%2Fwp%2Fv2%2Fproduct_tag&post=14375"}],"curies":[{"name":"wp","href":"https:\/\/api.w.org\/{rel}","templated":true}]}}