{"id":14370,"date":"2023-10-26T10:42:56","date_gmt":"2023-10-26T09:42:56","guid":{"rendered":"https:\/\/baralivres.ma\/?post_type=product&#038;p=14370"},"modified":"2024-11-28T17:12:26","modified_gmt":"2024-11-28T16:12:26","slug":"le-joueur-dechecs-suivi-de-lettre-dune-inconnue-2","status":"publish","type":"product","link":"https:\/\/baralivres.ma\/?product=le-joueur-dechecs-suivi-de-lettre-dune-inconnue-2","title":{"rendered":"Le Joueur d&rsquo;\u00e9checs suivi de Lettre d&rsquo;une inconnue"},"content":{"rendered":"<p><span>Dans les confins d&rsquo;un navire d\u00e9pendant de New York \u00e0 Buenos Aires, une partie d&rsquo;\u00e9checs unit\u00e9 deux oppos\u00e9s. <\/span><span>Un message \u00e9nigmatique ravive des souvenirs d&rsquo;une admiration secr\u00e8te. <\/span><span>Un \u00e9crivain talentueux, r\u00e9put\u00e9 pour ses conqu\u00eates, est confront\u00e9 \u00e0 une passion enfouie de longue date. <\/span><span>Une \u00e9nigme du pass\u00e9 ressurgit.<\/span><\/p>\n","protected":false},"excerpt":{"rendered":"<p>\u00c0 bord d&rsquo;un paquebot, deux oppos\u00e9s jouent aux \u00e9checs, le jeu r\u00e9v\u00e9lant des confessions et des souvenirs passionn\u00e9s.<\/p>\n","protected":false},"featured_media":14373,"comment_status":"open","ping_status":"closed","template":"","meta":{"inline_featured_image":false},"product_cat":[4097,4096],"product_tag":[],"class_list":{"0":"post-14370","1":"product","2":"type-product","3":"status-publish","4":"has-post-thumbnail","6":"product_cat-francais-les_romans_classique","7":"product_cat-les_romans_classique","8":"pa_auteurs-stefan-zweig-2","10":"first","11":"instock","12":"shipping-taxable","13":"purchasable","14":"product-type-simple"},"_links":{"self":[{"href":"https:\/\/baralivres.ma\/index.php?rest_route=\/wp\/v2\/product\/14370","targetHints":{"allow":["GET"]}}],"collection":[{"href":"https:\/\/baralivres.ma\/index.php?rest_route=\/wp\/v2\/product"}],"about":[{"href":"https:\/\/baralivres.ma\/index.php?rest_route=\/wp\/v2\/types\/product"}],"replies":[{"embeddable":true,"href":"https:\/\/baralivres.ma\/index.php?rest_route=%2Fwp%2Fv2%2Fcomments&post=14370"}],"version-history":[{"count":1,"href":"https:\/\/baralivres.ma\/index.php?rest_route=\/wp\/v2\/product\/14370\/revisions"}],"predecessor-version":[{"id":14374,"href":"https:\/\/baralivres.ma\/index.php?rest_route=\/wp\/v2\/product\/14370\/revisions\/14374"}],"wp:featuredmedia":[{"embeddable":true,"href":"https:\/\/baralivres.ma\/index.php?rest_route=\/wp\/v2\/media\/14373"}],"wp:attachment":[{"href":"https:\/\/baralivres.ma\/index.php?rest_route=%2Fwp%2Fv2%2Fmedia&parent=14370"}],"wp:term":[{"taxonomy":"product_cat","embeddable":true,"href":"https:\/\/baralivres.ma\/index.php?rest_route=%2Fwp%2Fv2%2Fproduct_cat&post=14370"},{"taxonomy":"product_tag","embeddable":true,"href":"https:\/\/baralivres.ma\/index.php?rest_route=%2Fwp%2Fv2%2Fproduct_tag&post=14370"}],"curies":[{"name":"wp","href":"https:\/\/api.w.org\/{rel}","templated":true}]}}