{"id":14362,"date":"2023-10-26T10:23:08","date_gmt":"2023-10-26T09:23:08","guid":{"rendered":"https:\/\/baralivres.ma\/?post_type=product&#038;p=14362"},"modified":"2023-10-26T10:23:09","modified_gmt":"2023-10-26T09:23:09","slug":"au-sud-de-la-frontiere-a-louest-du-soleil","status":"publish","type":"product","link":"https:\/\/baralivres.ma\/?product=au-sud-de-la-frontiere-a-louest-du-soleil","title":{"rendered":"Au sud de la fronti\u00e8re, \u00e0 l&rsquo;ouest du soleil"},"content":{"rendered":"<p>Hajime, un homme accompli, p\u00e8re de famille et heureux propri\u00e9taire d&rsquo;un club de jazz \u00e0 Tokyo, voit sa vie prendre un tournant inattendu lorsque Shimamoto-san, son amour d&rsquo;enfance, r\u00e9appara\u00eet un jour dans son \u00e9tablissement. Ces retrouvailles avec cette femme \u00e9nigmatique, qui ne se manifeste que les jours de pluie, entra\u00eenent Hajime dans une qu\u00eate obsessionnelle, mettant en jeu le d\u00e9fi de lutter contre l&rsquo;\u00e9coulement implacable du temps et des \u00e9motions. Haruki Murakami, une figure \u00e9minente de la litt\u00e9rature contemporaine japonaise, nous livre un r\u00e9cit intime, captivant et \u00e9mouvant. &#8211; Claire Julliard, Le Nouvel Observateur.<\/p>\n","protected":false},"excerpt":{"rendered":"<p>Hajime, jazz club owner, reunites with elusive childhood love Shimamoto, embarking on a haunting, time-defying quest.<\/p>\n","protected":false},"featured_media":14366,"comment_status":"open","ping_status":"closed","template":"","meta":{"inline_featured_image":false},"product_cat":[204,143],"product_tag":[],"class_list":{"0":"post-14362","1":"product","2":"type-product","3":"status-publish","4":"has-post-thumbnail","6":"product_cat-francais","7":"product_cat-roman","8":"pa_auteurs-haruki-murakami","10":"first","11":"instock","12":"shipping-taxable","13":"purchasable","14":"product-type-simple"},"_links":{"self":[{"href":"https:\/\/baralivres.ma\/index.php?rest_route=\/wp\/v2\/product\/14362","targetHints":{"allow":["GET"]}}],"collection":[{"href":"https:\/\/baralivres.ma\/index.php?rest_route=\/wp\/v2\/product"}],"about":[{"href":"https:\/\/baralivres.ma\/index.php?rest_route=\/wp\/v2\/types\/product"}],"replies":[{"embeddable":true,"href":"https:\/\/baralivres.ma\/index.php?rest_route=%2Fwp%2Fv2%2Fcomments&post=14362"}],"version-history":[{"count":2,"href":"https:\/\/baralivres.ma\/index.php?rest_route=\/wp\/v2\/product\/14362\/revisions"}],"predecessor-version":[{"id":14372,"href":"https:\/\/baralivres.ma\/index.php?rest_route=\/wp\/v2\/product\/14362\/revisions\/14372"}],"wp:featuredmedia":[{"embeddable":true,"href":"https:\/\/baralivres.ma\/index.php?rest_route=\/wp\/v2\/media\/14366"}],"wp:attachment":[{"href":"https:\/\/baralivres.ma\/index.php?rest_route=%2Fwp%2Fv2%2Fmedia&parent=14362"}],"wp:term":[{"taxonomy":"product_cat","embeddable":true,"href":"https:\/\/baralivres.ma\/index.php?rest_route=%2Fwp%2Fv2%2Fproduct_cat&post=14362"},{"taxonomy":"product_tag","embeddable":true,"href":"https:\/\/baralivres.ma\/index.php?rest_route=%2Fwp%2Fv2%2Fproduct_tag&post=14362"}],"curies":[{"name":"wp","href":"https:\/\/api.w.org\/{rel}","templated":true}]}}