{"id":14359,"date":"2023-10-26T10:18:17","date_gmt":"2023-10-26T09:18:17","guid":{"rendered":"https:\/\/baralivres.ma\/?post_type=product&#038;p=14359"},"modified":"2023-10-26T10:18:18","modified_gmt":"2023-10-26T09:18:18","slug":"kafka-sur-le-rivage","status":"publish","type":"product","link":"https:\/\/baralivres.ma\/?product=kafka-sur-le-rivage","title":{"rendered":"Kafka sur le rivage"},"content":{"rendered":"<p>Un adolescent, Kafka Tamura, d\u00e9cide de quitter la maison familiale \u00e0 Tokyo pour \u00e9chapper \u00e0 une mal\u00e9diction \u0153dipienne prof\u00e9r\u00e9e par son p\u00e8re. De l&rsquo;autre c\u00f4t\u00e9 de l&rsquo;archipel, un vieil homme amn\u00e9sique du nom de Nakata fait \u00e9galement le choix de prendre la route. Leurs deux parcours se croisent de mani\u00e8re inextricable, devenant le reflet l&rsquo;un de l&rsquo;autre, tandis que, sur leur chemin, la r\u00e9alit\u00e9 r\u00e9sonne d&rsquo;un murmure envo\u00fbtant.<\/p>\n<p>\u00ab\u00a0Kafka sur le rivage\u00a0\u00bb est le roman le plus ambitieux et captivant de Murakami, fa\u00e7onn\u00e9 par un enchanteur qui tire ses pouvoirs de l&rsquo;obscurit\u00e9 de la nature humaine, comme le souligne Andr\u00e9 Clavel dans sa critique pour Lire.<\/p>\n","protected":false},"excerpt":{"rendered":"<p>Kafka et Nakata, fuyant leurs destins, se croisent dans un r\u00e9cit envo\u00fbtant explorant la condition humaine.<\/p>\n","protected":false},"featured_media":14360,"comment_status":"open","ping_status":"closed","template":"","meta":{"inline_featured_image":false},"product_cat":[204,143],"product_tag":[],"class_list":{"0":"post-14359","1":"product","2":"type-product","3":"status-publish","4":"has-post-thumbnail","6":"product_cat-francais","7":"product_cat-roman","8":"pa_auteurs-haruki-murakami","10":"first","11":"instock","12":"shipping-taxable","13":"purchasable","14":"product-type-simple"},"_links":{"self":[{"href":"https:\/\/baralivres.ma\/index.php?rest_route=\/wp\/v2\/product\/14359","targetHints":{"allow":["GET"]}}],"collection":[{"href":"https:\/\/baralivres.ma\/index.php?rest_route=\/wp\/v2\/product"}],"about":[{"href":"https:\/\/baralivres.ma\/index.php?rest_route=\/wp\/v2\/types\/product"}],"replies":[{"embeddable":true,"href":"https:\/\/baralivres.ma\/index.php?rest_route=%2Fwp%2Fv2%2Fcomments&post=14359"}],"version-history":[{"count":1,"href":"https:\/\/baralivres.ma\/index.php?rest_route=\/wp\/v2\/product\/14359\/revisions"}],"predecessor-version":[{"id":14361,"href":"https:\/\/baralivres.ma\/index.php?rest_route=\/wp\/v2\/product\/14359\/revisions\/14361"}],"wp:featuredmedia":[{"embeddable":true,"href":"https:\/\/baralivres.ma\/index.php?rest_route=\/wp\/v2\/media\/14360"}],"wp:attachment":[{"href":"https:\/\/baralivres.ma\/index.php?rest_route=%2Fwp%2Fv2%2Fmedia&parent=14359"}],"wp:term":[{"taxonomy":"product_cat","embeddable":true,"href":"https:\/\/baralivres.ma\/index.php?rest_route=%2Fwp%2Fv2%2Fproduct_cat&post=14359"},{"taxonomy":"product_tag","embeddable":true,"href":"https:\/\/baralivres.ma\/index.php?rest_route=%2Fwp%2Fv2%2Fproduct_tag&post=14359"}],"curies":[{"name":"wp","href":"https:\/\/api.w.org\/{rel}","templated":true}]}}