{"id":14352,"date":"2023-10-26T10:12:29","date_gmt":"2023-10-26T09:12:29","guid":{"rendered":"https:\/\/baralivres.ma\/?post_type=product&#038;p=14352"},"modified":"2023-10-26T10:12:29","modified_gmt":"2023-10-26T09:12:29","slug":"la-ballade-de-limpossible","status":"publish","type":"product","link":"https:\/\/baralivres.ma\/?product=la-ballade-de-limpossible","title":{"rendered":"La ballade de l&rsquo;impossible"},"content":{"rendered":"<p>Dans un r\u00e9cit captivant et \u00e9mouvant, l&rsquo;auteur nous plonge au c\u0153ur de la vie de six jeunes \u00e9tudiants dans le Japon de la fin des ann\u00e9es 60, offrant une chronique empreinte de tendresse, de po\u00e9sie et de nostalgie. L&rsquo;histoire commence avec Watanabe, qui, lors d&rsquo;un vol en avion, est ramen\u00e9 \u00e0 ses souvenirs d&rsquo;amour de lyc\u00e9e pour Naoko, une jeune femme hant\u00e9e, comme lui, par le tragique suicide de leur ami Kizuki. Cependant, l&rsquo;histoire prend un tournant avec la rencontre de Watanabe avec Midori, une jeune femme d\u00e9termin\u00e9e \u00e0 affronter les d\u00e9fis de la vie malgr\u00e9 ses propres d\u00e9mons int\u00e9rieurs. Ce roman culte d&rsquo;Haruki Murakami rend hommage aux amours pass\u00e9es, tout en explorant la complexit\u00e9 de l&rsquo;adolescence, m\u00ealant avec subtilit\u00e9 et \u00e9l\u00e9gance gr\u00e2ce et obscurit\u00e9. L&rsquo;influence litt\u00e9raire de Salinger et Fitzgerald se fait sentir dans cette \u0153uvre, o\u00f9 Murakami parvient \u00e0 conjuguer la gr\u00e2ce et la noirceur de mani\u00e8re remarquable, \u00e9voquant ainsi le style des grands \u00e9crivains, comme le souligne Rapha\u00eblle Leyris des Inrockuptibles.<\/p>\n","protected":false},"excerpt":{"rendered":"<p>Roman japonais des ann\u00e9es 60, amour, nostalgie, adolescence, amiti\u00e9, po\u00e9sie, obscurit\u00e9, tendresse, influenc\u00e9 par Salinger et Fitzgerald.<\/p>\n","protected":false},"featured_media":14357,"comment_status":"open","ping_status":"closed","template":"","meta":{"inline_featured_image":false},"product_cat":[204,143],"product_tag":[],"class_list":{"0":"post-14352","1":"product","2":"type-product","3":"status-publish","4":"has-post-thumbnail","6":"product_cat-francais","7":"product_cat-roman","8":"pa_auteurs-haruki-murakami","10":"first","11":"instock","12":"shipping-taxable","13":"purchasable","14":"product-type-simple"},"_links":{"self":[{"href":"https:\/\/baralivres.ma\/index.php?rest_route=\/wp\/v2\/product\/14352","targetHints":{"allow":["GET"]}}],"collection":[{"href":"https:\/\/baralivres.ma\/index.php?rest_route=\/wp\/v2\/product"}],"about":[{"href":"https:\/\/baralivres.ma\/index.php?rest_route=\/wp\/v2\/types\/product"}],"replies":[{"embeddable":true,"href":"https:\/\/baralivres.ma\/index.php?rest_route=%2Fwp%2Fv2%2Fcomments&post=14352"}],"version-history":[{"count":1,"href":"https:\/\/baralivres.ma\/index.php?rest_route=\/wp\/v2\/product\/14352\/revisions"}],"predecessor-version":[{"id":14358,"href":"https:\/\/baralivres.ma\/index.php?rest_route=\/wp\/v2\/product\/14352\/revisions\/14358"}],"wp:featuredmedia":[{"embeddable":true,"href":"https:\/\/baralivres.ma\/index.php?rest_route=\/wp\/v2\/media\/14357"}],"wp:attachment":[{"href":"https:\/\/baralivres.ma\/index.php?rest_route=%2Fwp%2Fv2%2Fmedia&parent=14352"}],"wp:term":[{"taxonomy":"product_cat","embeddable":true,"href":"https:\/\/baralivres.ma\/index.php?rest_route=%2Fwp%2Fv2%2Fproduct_cat&post=14352"},{"taxonomy":"product_tag","embeddable":true,"href":"https:\/\/baralivres.ma\/index.php?rest_route=%2Fwp%2Fv2%2Fproduct_tag&post=14352"}],"curies":[{"name":"wp","href":"https:\/\/api.w.org\/{rel}","templated":true}]}}