{"id":14349,"date":"2023-10-26T10:08:37","date_gmt":"2023-10-26T09:08:37","guid":{"rendered":"https:\/\/baralivres.ma\/?post_type=product&#038;p=14349"},"modified":"2023-10-26T10:08:37","modified_gmt":"2023-10-26T09:08:37","slug":"premiere-personne-du-singulier-confessions-passageres","status":"publish","type":"product","link":"https:\/\/baralivres.ma\/?product=premiere-personne-du-singulier-confessions-passageres","title":{"rendered":"Premi\u00e8re personne du singulier &#8211; Confessions passag\u00e8res"},"content":{"rendered":"<p>Un individu, peut-\u00eatre l&rsquo;auteur Murakami, r\u00e9fl\u00e9chit \u00e0 toutes les rencontres et moments de sa vie qui ont contribu\u00e9 \u00e0 forger son identit\u00e9. Ces souvenirs varient, de l&rsquo;intense \u00e9motion de la femme qui appelait un autre nom pendant l&rsquo;acte amoureux, \u00e0 la sagesse partag\u00e9e par un vieil homme sur la quintessence de l&rsquo;existence, en passant par l&rsquo;imagination d&rsquo;un album de bossa-nova par Charlie Parker. Il se rappelle \u00e9galement de sa premi\u00e8re petite amie, qui \u00e9treignait le vinyle des Beatles avec tendresse, des frustrations caus\u00e9es par les matchs de base-ball perdus par son \u00e9quipe favorite, et m\u00eame d&rsquo;une femme \u00e0 la fois laide et s\u00e9duisante qui \u00e9coutait le Carnaval de Schumann. Il n&rsquo;oublie pas le singe qui lui avait r\u00e9v\u00e9l\u00e9 son \u00e9trange habitude de voler les noms des femmes qu&rsquo;il ne pouvait conqu\u00e9rir, ni les diff\u00e9rents masques que nous portons pour \u00eatre quelqu&rsquo;un d&rsquo;autre ou pour mieux \u00eatre nous-m\u00eames. Dans ce recueil de huit nouvelles, qui succ\u00e8de au succ\u00e8s de \u00ab\u00a0Des hommes sans femmes\u00a0\u00bb, Murakami explore \u00e0 nouveau la forme courte. Ces r\u00e9cits, tous \u00e9crits \u00e0 la premi\u00e8re personne, d\u00e9voilent une profonde nostalgie et semblent former une sorte d&rsquo;autobiographie d\u00e9guis\u00e9e, offrant ainsi un cadeau litt\u00e9raire de la part du ma\u00eetre des lettres japonaises.<\/p>\n","protected":false},"excerpt":{"rendered":"<p>Un homme, Murakami peut-\u00eatre, se rem\u00e9more des rencontres et moments qui ont fa\u00e7onn\u00e9 son identit\u00e9.<\/p>\n","protected":false},"featured_media":14350,"comment_status":"open","ping_status":"closed","template":"","meta":{"inline_featured_image":false},"product_cat":[204,143],"product_tag":[],"class_list":{"0":"post-14349","1":"product","2":"type-product","3":"status-publish","4":"has-post-thumbnail","6":"product_cat-francais","7":"product_cat-roman","8":"pa_auteurs-haruki-murakami","10":"first","11":"instock","12":"shipping-taxable","13":"purchasable","14":"product-type-simple"},"_links":{"self":[{"href":"https:\/\/baralivres.ma\/index.php?rest_route=\/wp\/v2\/product\/14349","targetHints":{"allow":["GET"]}}],"collection":[{"href":"https:\/\/baralivres.ma\/index.php?rest_route=\/wp\/v2\/product"}],"about":[{"href":"https:\/\/baralivres.ma\/index.php?rest_route=\/wp\/v2\/types\/product"}],"replies":[{"embeddable":true,"href":"https:\/\/baralivres.ma\/index.php?rest_route=%2Fwp%2Fv2%2Fcomments&post=14349"}],"version-history":[{"count":1,"href":"https:\/\/baralivres.ma\/index.php?rest_route=\/wp\/v2\/product\/14349\/revisions"}],"predecessor-version":[{"id":14351,"href":"https:\/\/baralivres.ma\/index.php?rest_route=\/wp\/v2\/product\/14349\/revisions\/14351"}],"wp:featuredmedia":[{"embeddable":true,"href":"https:\/\/baralivres.ma\/index.php?rest_route=\/wp\/v2\/media\/14350"}],"wp:attachment":[{"href":"https:\/\/baralivres.ma\/index.php?rest_route=%2Fwp%2Fv2%2Fmedia&parent=14349"}],"wp:term":[{"taxonomy":"product_cat","embeddable":true,"href":"https:\/\/baralivres.ma\/index.php?rest_route=%2Fwp%2Fv2%2Fproduct_cat&post=14349"},{"taxonomy":"product_tag","embeddable":true,"href":"https:\/\/baralivres.ma\/index.php?rest_route=%2Fwp%2Fv2%2Fproduct_tag&post=14349"}],"curies":[{"name":"wp","href":"https:\/\/api.w.org\/{rel}","templated":true}]}}