{"id":14348,"date":"2023-10-26T10:48:37","date_gmt":"2023-10-26T09:48:37","guid":{"rendered":"https:\/\/baralivres.ma\/?post_type=product&#038;p=14348"},"modified":"2023-10-26T10:48:37","modified_gmt":"2023-10-26T09:48:37","slug":"le-voleur-et-les-chiens","status":"publish","type":"product","link":"https:\/\/baralivres.ma\/?product=le-voleur-et-les-chiens","title":{"rendered":"Le Voleur et les Chiens"},"content":{"rendered":"<p>Une fois de plus, il respire l&rsquo;air de la libert\u00e9, mais cette atmosph\u00e8re est \u00e9touffante, satur\u00e9e de poussi\u00e8re et de chaleur insupportable. Il retrouve son costume bleu et ses chaussures en caoutchouc, mais il se rend compte qu&rsquo;il n&rsquo;y a personne qui l&rsquo;attend. La vie reprend son cours, la porte silencieuse de la prison se referme sur les secrets d\u00e9sesp\u00e9r\u00e9s. (\u2026)<\/p>\n<p>Le moment est venu pour la col\u00e8re de s&rsquo;exprimer et s&rsquo;\u00e9teindre, le moment est venu pour les tra\u00eetres de sombrer dans le d\u00e9sespoir jusqu&rsquo;\u00e0 la mort, afin que la trahison expie son p\u00e9ch\u00e9, une tache hideuse sur son visage difforme.\u00a0\u00bb<\/p>\n<p>Sa\u00efd Mahrane, le voleur, est enfin lib\u00e9r\u00e9 de prison. Il s&rsquo;efforcera de mettre en \u0153uvre le plan d&rsquo;action \u00e9labor\u00e9 d\u00e8s les premi\u00e8res lignes du roman dans l&rsquo;effervescence du Caire, mais bient\u00f4t le hasard et son destin malheureux le rattraperont\u2026<\/p>\n<p>En explorant le th\u00e8me de la trahison, Naguib Mahfouz expose les d\u00e9sillusions d&rsquo;un homme d\u00e9sesp\u00e9r\u00e9, tout en dressant des portraits embl\u00e9matiques de personnages de son \u0153uvre, qu&rsquo;il s&rsquo;agisse de la femme tra\u00eetresse, du sage mystique, de la prostitu\u00e9e amoureuse ou du ren\u00e9gat nouvellement arriv\u00e9.<\/p>\n","protected":false},"excerpt":{"rendered":"<p>Lib\u00e9r\u00e9 de prison, Sa\u00efd Mahrane cherche la libert\u00e9, mais la trahison et le destin l&rsquo;attendent au Caire.<\/p>\n","protected":false},"featured_media":14353,"comment_status":"open","ping_status":"closed","template":"","meta":{"inline_featured_image":false},"product_cat":[204,143],"product_tag":[],"class_list":{"0":"post-14348","1":"product","2":"type-product","3":"status-publish","4":"has-post-thumbnail","6":"product_cat-francais","7":"product_cat-roman","8":"pa_auteurs-naguib-mahfouz","10":"first","11":"instock","12":"shipping-taxable","13":"purchasable","14":"product-type-simple"},"_links":{"self":[{"href":"https:\/\/baralivres.ma\/index.php?rest_route=\/wp\/v2\/product\/14348","targetHints":{"allow":["GET"]}}],"collection":[{"href":"https:\/\/baralivres.ma\/index.php?rest_route=\/wp\/v2\/product"}],"about":[{"href":"https:\/\/baralivres.ma\/index.php?rest_route=\/wp\/v2\/types\/product"}],"replies":[{"embeddable":true,"href":"https:\/\/baralivres.ma\/index.php?rest_route=%2Fwp%2Fv2%2Fcomments&post=14348"}],"version-history":[{"count":2,"href":"https:\/\/baralivres.ma\/index.php?rest_route=\/wp\/v2\/product\/14348\/revisions"}],"predecessor-version":[{"id":14378,"href":"https:\/\/baralivres.ma\/index.php?rest_route=\/wp\/v2\/product\/14348\/revisions\/14378"}],"wp:featuredmedia":[{"embeddable":true,"href":"https:\/\/baralivres.ma\/index.php?rest_route=\/wp\/v2\/media\/14353"}],"wp:attachment":[{"href":"https:\/\/baralivres.ma\/index.php?rest_route=%2Fwp%2Fv2%2Fmedia&parent=14348"}],"wp:term":[{"taxonomy":"product_cat","embeddable":true,"href":"https:\/\/baralivres.ma\/index.php?rest_route=%2Fwp%2Fv2%2Fproduct_cat&post=14348"},{"taxonomy":"product_tag","embeddable":true,"href":"https:\/\/baralivres.ma\/index.php?rest_route=%2Fwp%2Fv2%2Fproduct_tag&post=14348"}],"curies":[{"name":"wp","href":"https:\/\/api.w.org\/{rel}","templated":true}]}}