{"id":14340,"date":"2023-10-26T10:03:31","date_gmt":"2023-10-26T09:03:31","guid":{"rendered":"https:\/\/baralivres.ma\/?post_type=product&#038;p=14340"},"modified":"2023-10-26T10:03:32","modified_gmt":"2023-10-26T09:03:32","slug":"1q84-livre-3","status":"publish","type":"product","link":"https:\/\/baralivres.ma\/?product=1q84-livre-3","title":{"rendered":"1Q84 &#8211; Livre 3"},"content":{"rendered":"<p>Sous la double lueur \u00e9nigmatique de 1Q84, le temps semble acc\u00e9l\u00e9rer et les v\u00e9rit\u00e9s se m\u00ealent dans une confusion troublante. La voix du d\u00e9tective Ushikawa s&rsquo;impose, alternant entre r\u00e9v\u00e9lation et menace, tandis qu&rsquo;il traque Aomam\u00e9 et Tengo. D&rsquo;une r\u00e9flexion \u00e0 l&rsquo;autre, au c\u0153ur de cette troisi\u00e8me partie empreinte de clairvoyance hypnotique, le pass\u00e9 semble pr\u00eat \u00e0 r\u00e9v\u00e9ler son chaos \u00e0 l&rsquo;aube d&rsquo;un nouveau r\u00eave&#8230;<\/p>\n<p>\u00ab\u00a0Pour p\u00e9n\u00e9trer les myst\u00e8res des miroirs et s&rsquo;aventurer dans l&rsquo;Infini, il suffit de quatre syllabes : Murakami. Cet \u00e9crivain japonais exceptionnel excelle dans l&rsquo;art de distiller les d\u00e9lices d&rsquo;une \u0153uvre envo\u00fbtante de bout en bout, plongeant ses lecteurs dans un \u00e9tat de r\u00eaverie d\u00e9licieusement somnambulique.\u00a0\u00bb &#8211; Andr\u00e9 Clavel, L&rsquo;Express.<\/p>\n","protected":false},"excerpt":{"rendered":"<p>1Q84, roman hypnotique de Murakami, m\u00eale temps, v\u00e9rit\u00e9, et r\u00e9v\u00e9lations dans un Japon \u00e9nigmatique et captivant.<\/p>\n","protected":false},"featured_media":14342,"comment_status":"open","ping_status":"closed","template":"","meta":{"inline_featured_image":false},"product_cat":[204,143],"product_tag":[],"class_list":{"0":"post-14340","1":"product","2":"type-product","3":"status-publish","4":"has-post-thumbnail","6":"product_cat-francais","7":"product_cat-roman","8":"pa_auteurs-haruki-murakami","10":"first","11":"instock","12":"shipping-taxable","13":"purchasable","14":"product-type-simple"},"_links":{"self":[{"href":"https:\/\/baralivres.ma\/index.php?rest_route=\/wp\/v2\/product\/14340","targetHints":{"allow":["GET"]}}],"collection":[{"href":"https:\/\/baralivres.ma\/index.php?rest_route=\/wp\/v2\/product"}],"about":[{"href":"https:\/\/baralivres.ma\/index.php?rest_route=\/wp\/v2\/types\/product"}],"replies":[{"embeddable":true,"href":"https:\/\/baralivres.ma\/index.php?rest_route=%2Fwp%2Fv2%2Fcomments&post=14340"}],"version-history":[{"count":1,"href":"https:\/\/baralivres.ma\/index.php?rest_route=\/wp\/v2\/product\/14340\/revisions"}],"predecessor-version":[{"id":14344,"href":"https:\/\/baralivres.ma\/index.php?rest_route=\/wp\/v2\/product\/14340\/revisions\/14344"}],"wp:featuredmedia":[{"embeddable":true,"href":"https:\/\/baralivres.ma\/index.php?rest_route=\/wp\/v2\/media\/14342"}],"wp:attachment":[{"href":"https:\/\/baralivres.ma\/index.php?rest_route=%2Fwp%2Fv2%2Fmedia&parent=14340"}],"wp:term":[{"taxonomy":"product_cat","embeddable":true,"href":"https:\/\/baralivres.ma\/index.php?rest_route=%2Fwp%2Fv2%2Fproduct_cat&post=14340"},{"taxonomy":"product_tag","embeddable":true,"href":"https:\/\/baralivres.ma\/index.php?rest_route=%2Fwp%2Fv2%2Fproduct_tag&post=14340"}],"curies":[{"name":"wp","href":"https:\/\/api.w.org\/{rel}","templated":true}]}}