{"id":14336,"date":"2023-10-26T09:59:46","date_gmt":"2023-10-26T08:59:46","guid":{"rendered":"https:\/\/baralivres.ma\/?post_type=product&#038;p=14336"},"modified":"2023-10-26T09:59:46","modified_gmt":"2023-10-26T08:59:46","slug":"1q84-livre-2","status":"publish","type":"product","link":"https:\/\/baralivres.ma\/?product=1q84-livre-2","title":{"rendered":"1Q84 &#8211; Livre 2"},"content":{"rendered":"<p>Le monde de 1Q84 s&rsquo;est d\u00e9voil\u00e9, offrant soit le reflet d&rsquo;une r\u00e9alit\u00e9 \u00e0 la d\u00e9rive, soit une promesse de r\u00e9invention du pr\u00e9sent, \u00e9loign\u00e9 des ombres, avec ses paysages brumeux et ses deux lunes \u00e9nigmatiques. Au c\u0153ur de ce r\u00e9cit, Tengo et Aomam\u00e9 \u00e9voluent in\u00e9luctablement, embrassant leur destin. Ce deuxi\u00e8me tome du best-seller mondial de Murakami r\u00e9v\u00e8le la v\u00e9rit\u00e9 humaine en explorant les confins entre r\u00eave et r\u00e9alit\u00e9.<\/p>\n<p>\u00ab\u00a0Les lecteurs se retrouvent pris au pi\u00e8ge, avan\u00e7ant de chapitre en chapitre, se laissant emporter par un r\u00e9cit qui, tour \u00e0 tour, se clarifie ou s&#8217;embrouille au gr\u00e9 de l&rsquo;imagination de l&rsquo;\u00e9crivain. La fronti\u00e8re entre le monde r\u00e9el et le fantastique s&rsquo;amenuise comme jamais chez cet auteur qui excelle dans les glissements subtils.\u00a0\u00bb &#8211; Fran\u00e7oise Dargent, Le Figaro<\/p>\n","protected":false},"excerpt":{"rendered":"<p>1Q84 de Murakami m\u00eale r\u00e9alit\u00e9 et r\u00eave, o\u00f9 Tengo et Aomam\u00e9 r\u00e9v\u00e8lent la v\u00e9rit\u00e9 humaine.<\/p>\n","protected":false},"featured_media":14337,"comment_status":"open","ping_status":"closed","template":"","meta":{"inline_featured_image":false},"product_cat":[204,143],"product_tag":[],"class_list":{"0":"post-14336","1":"product","2":"type-product","3":"status-publish","4":"has-post-thumbnail","6":"product_cat-francais","7":"product_cat-roman","8":"pa_auteurs-haruki-murakami","10":"first","11":"instock","12":"shipping-taxable","13":"purchasable","14":"product-type-simple"},"_links":{"self":[{"href":"https:\/\/baralivres.ma\/index.php?rest_route=\/wp\/v2\/product\/14336","targetHints":{"allow":["GET"]}}],"collection":[{"href":"https:\/\/baralivres.ma\/index.php?rest_route=\/wp\/v2\/product"}],"about":[{"href":"https:\/\/baralivres.ma\/index.php?rest_route=\/wp\/v2\/types\/product"}],"replies":[{"embeddable":true,"href":"https:\/\/baralivres.ma\/index.php?rest_route=%2Fwp%2Fv2%2Fcomments&post=14336"}],"version-history":[{"count":1,"href":"https:\/\/baralivres.ma\/index.php?rest_route=\/wp\/v2\/product\/14336\/revisions"}],"predecessor-version":[{"id":14338,"href":"https:\/\/baralivres.ma\/index.php?rest_route=\/wp\/v2\/product\/14336\/revisions\/14338"}],"wp:featuredmedia":[{"embeddable":true,"href":"https:\/\/baralivres.ma\/index.php?rest_route=\/wp\/v2\/media\/14337"}],"wp:attachment":[{"href":"https:\/\/baralivres.ma\/index.php?rest_route=%2Fwp%2Fv2%2Fmedia&parent=14336"}],"wp:term":[{"taxonomy":"product_cat","embeddable":true,"href":"https:\/\/baralivres.ma\/index.php?rest_route=%2Fwp%2Fv2%2Fproduct_cat&post=14336"},{"taxonomy":"product_tag","embeddable":true,"href":"https:\/\/baralivres.ma\/index.php?rest_route=%2Fwp%2Fv2%2Fproduct_tag&post=14336"}],"curies":[{"name":"wp","href":"https:\/\/api.w.org\/{rel}","templated":true}]}}