{"id":14334,"date":"2023-10-26T10:03:34","date_gmt":"2023-10-26T09:03:34","guid":{"rendered":"https:\/\/baralivres.ma\/?post_type=product&#038;p=14334"},"modified":"2023-10-26T10:03:40","modified_gmt":"2023-10-26T09:03:40","slug":"les-contemplations","status":"publish","type":"product","link":"https:\/\/baralivres.ma\/?product=les-contemplations","title":{"rendered":"Les Contemplations"},"content":{"rendered":"<p><span>Ma vie est la v\u00f4tre, votre vie est la mienne.\u00a0\u00bb <\/span><span>En 1856, Victor Hugo offre un triomphe avec ses 11 000 vers, les \u00ab\u00a0m\u00e9moires de son \u00e2me\u00a0\u00bb et \u00ab\u00a0la grande Pyramide\u00a0\u00bb de son \u0153uvre. <\/span><span>\u00c0 travers les six livres de cette autobiographie sublim\u00e9e, il exalte la gr\u00e2ce de l&rsquo;enfance, la jeunesse, les amours, les extases, m\u00e9dite sur les \u00e9preuves de l&rsquo;\u00e2ge adulte, d\u00e9nonce les maux de la soci\u00e9t\u00e9. <\/span><span>Puis il c\u00e9l\u00e8bre l&rsquo;\u00e9nergie retrouv\u00e9e, le dialogue avec l&rsquo;infini et la venue d&rsquo;un pardon universel. <\/span><span>Mage, proph\u00e8te, voyant, \u00ab\u00a0r\u00eaveur sacr\u00e9\u00a0\u00bb, Hugo d\u00e9chiffre l&rsquo;\u00e9nigme du monde et du destin humain.<\/span><\/p>\n","protected":false},"excerpt":{"rendered":"<p>En 1856, Hugo re\u00e7oit un triomphe pour ces 11 000 vers, m\u00e9moires de son \u00e2me, son monument.<\/p>\n","protected":false},"featured_media":14343,"comment_status":"open","ping_status":"closed","template":"","meta":{"inline_featured_image":false},"product_cat":[204,143],"product_tag":[],"class_list":{"0":"post-14334","1":"product","2":"type-product","3":"status-publish","4":"has-post-thumbnail","6":"product_cat-francais","7":"product_cat-roman","8":"pa_auteurs-victor-hugo","10":"first","11":"instock","12":"shipping-taxable","13":"purchasable","14":"product-type-simple"},"_links":{"self":[{"href":"https:\/\/baralivres.ma\/index.php?rest_route=\/wp\/v2\/product\/14334","targetHints":{"allow":["GET"]}}],"collection":[{"href":"https:\/\/baralivres.ma\/index.php?rest_route=\/wp\/v2\/product"}],"about":[{"href":"https:\/\/baralivres.ma\/index.php?rest_route=\/wp\/v2\/types\/product"}],"replies":[{"embeddable":true,"href":"https:\/\/baralivres.ma\/index.php?rest_route=%2Fwp%2Fv2%2Fcomments&post=14334"}],"version-history":[{"count":1,"href":"https:\/\/baralivres.ma\/index.php?rest_route=\/wp\/v2\/product\/14334\/revisions"}],"predecessor-version":[{"id":14345,"href":"https:\/\/baralivres.ma\/index.php?rest_route=\/wp\/v2\/product\/14334\/revisions\/14345"}],"wp:featuredmedia":[{"embeddable":true,"href":"https:\/\/baralivres.ma\/index.php?rest_route=\/wp\/v2\/media\/14343"}],"wp:attachment":[{"href":"https:\/\/baralivres.ma\/index.php?rest_route=%2Fwp%2Fv2%2Fmedia&parent=14334"}],"wp:term":[{"taxonomy":"product_cat","embeddable":true,"href":"https:\/\/baralivres.ma\/index.php?rest_route=%2Fwp%2Fv2%2Fproduct_cat&post=14334"},{"taxonomy":"product_tag","embeddable":true,"href":"https:\/\/baralivres.ma\/index.php?rest_route=%2Fwp%2Fv2%2Fproduct_tag&post=14334"}],"curies":[{"name":"wp","href":"https:\/\/api.w.org\/{rel}","templated":true}]}}