{"id":14329,"date":"2023-10-26T09:56:36","date_gmt":"2023-10-26T08:56:36","guid":{"rendered":"https:\/\/baralivres.ma\/?post_type=product&#038;p=14329"},"modified":"2023-10-26T09:56:36","modified_gmt":"2023-10-26T08:56:36","slug":"1q84-livre-1","status":"publish","type":"product","link":"https:\/\/baralivres.ma\/?product=1q84-livre-1","title":{"rendered":"1Q84 &#8211; Livre 1"},"content":{"rendered":"<p>Entre l&rsquo;ann\u00e9e 1984 et le fascinant monde hypnotique de 1Q84, les ombres se m\u00ealent et se confondent en une fusion myst\u00e9rieuse. Tengo et Aomam\u00e9, unis par un pacte secret, voient leurs vies \u00e9trangement li\u00e9es \u00e0 la fronti\u00e8re de deux univers, \u00e0 cheval sur deux \u00e9poques distinctes. Cette aventure initiatique embrasse les genres du fantastique, du thriller et du roman d&rsquo;amour, cr\u00e9ant ainsi l&rsquo;\u0153uvre la plus ambitieuse de l&rsquo;auteur Murakami.<\/p>\n<p>\u00ab\u00a0Un chef-d&rsquo;\u0153uvre&#8230; Un roman d&rsquo;anticipation hors du commun qui se d\u00e9roule dans une \u00e9poque r\u00e9volue, une histoire d&rsquo;amour teint\u00e9e de m\u00e9lancolie, un r\u00e9cit palpitant, et un conte moderne envo\u00fbtant&#8230;\u00a0\u00bb<\/p>\n<p>Adrien Gombeaud, Les \u00c9chos<\/p>\n","protected":false},"excerpt":{"rendered":"<p>Liaison secr\u00e8te entre Tengo et Aomam\u00e9 dans l&rsquo;\u00e9nigmatique 1Q84, fusionnant amour, suspense, et fantastique. Murakami incontournable.<\/p>\n","protected":false},"featured_media":14331,"comment_status":"open","ping_status":"closed","template":"","meta":{"inline_featured_image":false},"product_cat":[204,143],"product_tag":[],"class_list":{"0":"post-14329","1":"product","2":"type-product","3":"status-publish","4":"has-post-thumbnail","6":"product_cat-francais","7":"product_cat-roman","8":"pa_auteurs-haruki-murakami","10":"first","11":"instock","12":"shipping-taxable","13":"purchasable","14":"product-type-simple"},"_links":{"self":[{"href":"https:\/\/baralivres.ma\/index.php?rest_route=\/wp\/v2\/product\/14329","targetHints":{"allow":["GET"]}}],"collection":[{"href":"https:\/\/baralivres.ma\/index.php?rest_route=\/wp\/v2\/product"}],"about":[{"href":"https:\/\/baralivres.ma\/index.php?rest_route=\/wp\/v2\/types\/product"}],"replies":[{"embeddable":true,"href":"https:\/\/baralivres.ma\/index.php?rest_route=%2Fwp%2Fv2%2Fcomments&post=14329"}],"version-history":[{"count":1,"href":"https:\/\/baralivres.ma\/index.php?rest_route=\/wp\/v2\/product\/14329\/revisions"}],"predecessor-version":[{"id":14332,"href":"https:\/\/baralivres.ma\/index.php?rest_route=\/wp\/v2\/product\/14329\/revisions\/14332"}],"wp:featuredmedia":[{"embeddable":true,"href":"https:\/\/baralivres.ma\/index.php?rest_route=\/wp\/v2\/media\/14331"}],"wp:attachment":[{"href":"https:\/\/baralivres.ma\/index.php?rest_route=%2Fwp%2Fv2%2Fmedia&parent=14329"}],"wp:term":[{"taxonomy":"product_cat","embeddable":true,"href":"https:\/\/baralivres.ma\/index.php?rest_route=%2Fwp%2Fv2%2Fproduct_cat&post=14329"},{"taxonomy":"product_tag","embeddable":true,"href":"https:\/\/baralivres.ma\/index.php?rest_route=%2Fwp%2Fv2%2Fproduct_tag&post=14329"}],"curies":[{"name":"wp","href":"https:\/\/api.w.org\/{rel}","templated":true}]}}