{"id":14325,"date":"2023-10-26T09:56:43","date_gmt":"2023-10-26T08:56:43","guid":{"rendered":"https:\/\/baralivres.ma\/?post_type=product&#038;p=14325"},"modified":"2024-11-28T17:00:45","modified_gmt":"2024-11-28T16:00:45","slug":"hernani-2","status":"publish","type":"product","link":"https:\/\/baralivres.ma\/?product=hernani-2","title":{"rendered":"Hernani"},"content":{"rendered":"<p><span>Au c\u0153ur d&rsquo;une Espagne empreinte d&rsquo;une exub\u00e9rance et d&rsquo;une grandeur incontestables, Hernani, un noble castillan d\u00e9chu devenu chef de bande et proscrit, se retrouve en conflit direct avec le roi Don Carlos, le futur empereur Charles Quint, dans une lutte acharn\u00e9e pour conqu\u00e9rir le c\u0153ur de Do\u00f1a Sol. <\/span><span>Cette derni\u00e8re, pourtant promise en mariage \u00e0 son vieil oncle Don Ruy Gomez, se trouve au centre de cette rivalit\u00e9 passionn\u00e9e. <\/span><span>Hernani, d\u00e9termin\u00e9 et intr\u00e9pide, n&rsquo;h\u00e9site pas \u00e0 relever tous les d\u00e9fis, \u00e0 assouvir sa soif de vengeance et \u00e0 man\u0153uvrer dans les m\u00e9andres des trahisons pour atteindre son objectif. <\/span><span>Il incarne ce que l&rsquo;on pourrait appeler la \u00ab\u00a0force en marche\u00a0\u00bb, pr\u00eat \u00e0 sacrifier sa propre vie pour l&rsquo;amour de sa belle.<\/span><\/p>\n","protected":false},"excerpt":{"rendered":"<div class=\"group final-completion w-full text-token-text-primary border-b border-black\/10 gizmo:border-0 dark:border-gray-900\/50 gizmo:dark:border-0 bg-gray-50 gizmo:bg-transparent dark:bg-[#444654] gizmo:dark:bg-transparent\" data-testid=\"conversation-turn-218\">\n<div class=\"p-4 gizmo:py-2 justify-center text-base md:gap-6 md:py-6 m-auto\">\n<div class=\"flex flex-1 gap-4 text-base mx-auto md:gap-6 gizmo:gap-3 gizmo:md:px-5 gizmo:lg:px-1 gizmo:xl:px-5 md:max-w-2xl lg:max-w-[38rem] gizmo:md:max-w-3xl gizmo:lg:max-w-[40rem] gizmo:xl:max-w-[48rem] xl:max-w-3xl }\">\n<div class=\"relative flex w-[calc(100%-50px)] flex-col gizmo:w-full lg:w-[calc(100%-115px)] agent-turn\">\n<div class=\"flex-col gap-1 md:gap-3\">\n<div class=\"flex flex-grow flex-col gap-3 max-w-full\">\n<div class=\"min-h-[20px] flex flex-col items-start gap-3 whitespace-pre-wrap break-words overflow-x-auto\">\n<div class=\"markdown prose w-full break-words dark:prose-invert light\">\n<p><span>Hernani, un seigneur proscrit, brave roi et oncle pour l&rsquo;amour de Do\u00f1a Sol dans une Espagne tumultueuse.<\/span><\/p>\n<\/div>\n<\/div>\n<\/div>\n<div class=\"flex justify-between empty:hidden gizmo:justify-start gizmo:gap-3 lg:block gizmo:lg:flex\">\n<div class=\"text-gray-400 flex self-end lg:self-center justify-center gizmo:lg:justify-start mt-2 gizmo:mt-0 visible lg:gap-1 lg:absolute lg:top-0 lg:translate-x-full lg:right-0 lg:mt-0 lg:pl-2 gap-2 md:gap-3\"><button class=\"flex ml-auto gizmo:ml-0 gap-2 items-center rounded-md p-1 text-xs gizmo:gap-1.5 gizmo:pl-0 dark:text-gray-400 dark:hover:bg-gray-700 dark:hover:text-gray-200 disabled:dark:hover:text-gray-400 hover:bg-gray-100 hover:text-gray-700\"><\/button><\/p>\n<div class=\"flex gap-1 gizmo:gap-3\"><\/div>\n<\/div>\n<\/div>\n<\/div>\n<\/div>\n<\/div>\n<\/div>\n<\/div>\n","protected":false},"featured_media":14330,"comment_status":"open","ping_status":"closed","template":"","meta":{"inline_featured_image":false},"product_cat":[4097,4096],"product_tag":[],"class_list":{"0":"post-14325","1":"product","2":"type-product","3":"status-publish","4":"has-post-thumbnail","6":"product_cat-francais-les_romans_classique","7":"product_cat-les_romans_classique","8":"pa_auteurs-victor-hugo","10":"first","11":"instock","12":"shipping-taxable","13":"purchasable","14":"product-type-simple"},"_links":{"self":[{"href":"https:\/\/baralivres.ma\/index.php?rest_route=\/wp\/v2\/product\/14325","targetHints":{"allow":["GET"]}}],"collection":[{"href":"https:\/\/baralivres.ma\/index.php?rest_route=\/wp\/v2\/product"}],"about":[{"href":"https:\/\/baralivres.ma\/index.php?rest_route=\/wp\/v2\/types\/product"}],"replies":[{"embeddable":true,"href":"https:\/\/baralivres.ma\/index.php?rest_route=%2Fwp%2Fv2%2Fcomments&post=14325"}],"version-history":[{"count":1,"href":"https:\/\/baralivres.ma\/index.php?rest_route=\/wp\/v2\/product\/14325\/revisions"}],"predecessor-version":[{"id":14333,"href":"https:\/\/baralivres.ma\/index.php?rest_route=\/wp\/v2\/product\/14325\/revisions\/14333"}],"wp:featuredmedia":[{"embeddable":true,"href":"https:\/\/baralivres.ma\/index.php?rest_route=\/wp\/v2\/media\/14330"}],"wp:attachment":[{"href":"https:\/\/baralivres.ma\/index.php?rest_route=%2Fwp%2Fv2%2Fmedia&parent=14325"}],"wp:term":[{"taxonomy":"product_cat","embeddable":true,"href":"https:\/\/baralivres.ma\/index.php?rest_route=%2Fwp%2Fv2%2Fproduct_cat&post=14325"},{"taxonomy":"product_tag","embeddable":true,"href":"https:\/\/baralivres.ma\/index.php?rest_route=%2Fwp%2Fv2%2Fproduct_tag&post=14325"}],"curies":[{"name":"wp","href":"https:\/\/api.w.org\/{rel}","templated":true}]}}