{"id":14323,"date":"2023-10-26T09:52:01","date_gmt":"2023-10-26T08:52:01","guid":{"rendered":"https:\/\/baralivres.ma\/?post_type=product&#038;p=14323"},"modified":"2023-10-26T09:52:02","modified_gmt":"2023-10-26T08:52:02","slug":"la-course-au-mouton-sauvage","status":"publish","type":"product","link":"https:\/\/baralivres.ma\/?product=la-course-au-mouton-sauvage","title":{"rendered":"La course au mouton sauvage"},"content":{"rendered":"<p>Le livre qui a fait conna\u00eetre Haruki Murakami est \u00ab\u00a0La Chasse au mouton sauvage\u00a0\u00bb. Dans ce roman, un jeune publicitaire fra\u00eechement divorc\u00e9 ins\u00e8re la photo d&rsquo;un troupeau de moutons sur une page promotionnelle d&rsquo;assurance-vie. Cependant, un mouton en particulier, arborant une \u00e9toile sur sa laine, attire l&rsquo;attention d&rsquo;un homme en noir, un proche collaborateur du \u00ab\u00a0Ma\u00eetre\u00a0\u00bb, un homme politique extr\u00eamement puissant. Sous de lourdes menaces, le jeune publicitaire est contraint de partir \u00e0 la recherche de ce mouton myst\u00e9rieux. C&rsquo;est ainsi que commence son voyage initiatique vers l&rsquo;\u00eele de Hokkaido, en compagnie d&rsquo;une jeune femme dont les oreilles sont d&rsquo;une perfection troublante. C&rsquo;est un jeu de piste improbable qui se d\u00e9roule dans un univers d\u00e9pourvu de toute logique.<\/p>\n","protected":false},"excerpt":{"rendered":"<p>Publicitaire divorc\u00e9 traque mouton \u00e9toil\u00e9 sur ordre d&rsquo;homme politique puissant, voyage initiatique \u00e0 Hokkaido.<\/p>\n","protected":false},"featured_media":14327,"comment_status":"open","ping_status":"closed","template":"","meta":{"inline_featured_image":false},"product_cat":[204,143],"product_tag":[],"class_list":{"0":"post-14323","1":"product","2":"type-product","3":"status-publish","4":"has-post-thumbnail","6":"product_cat-francais","7":"product_cat-roman","8":"pa_auteurs-haruki-murakami","10":"first","11":"instock","12":"shipping-taxable","13":"purchasable","14":"product-type-simple"},"_links":{"self":[{"href":"https:\/\/baralivres.ma\/index.php?rest_route=\/wp\/v2\/product\/14323","targetHints":{"allow":["GET"]}}],"collection":[{"href":"https:\/\/baralivres.ma\/index.php?rest_route=\/wp\/v2\/product"}],"about":[{"href":"https:\/\/baralivres.ma\/index.php?rest_route=\/wp\/v2\/types\/product"}],"replies":[{"embeddable":true,"href":"https:\/\/baralivres.ma\/index.php?rest_route=%2Fwp%2Fv2%2Fcomments&post=14323"}],"version-history":[{"count":1,"href":"https:\/\/baralivres.ma\/index.php?rest_route=\/wp\/v2\/product\/14323\/revisions"}],"predecessor-version":[{"id":14328,"href":"https:\/\/baralivres.ma\/index.php?rest_route=\/wp\/v2\/product\/14323\/revisions\/14328"}],"wp:featuredmedia":[{"embeddable":true,"href":"https:\/\/baralivres.ma\/index.php?rest_route=\/wp\/v2\/media\/14327"}],"wp:attachment":[{"href":"https:\/\/baralivres.ma\/index.php?rest_route=%2Fwp%2Fv2%2Fmedia&parent=14323"}],"wp:term":[{"taxonomy":"product_cat","embeddable":true,"href":"https:\/\/baralivres.ma\/index.php?rest_route=%2Fwp%2Fv2%2Fproduct_cat&post=14323"},{"taxonomy":"product_tag","embeddable":true,"href":"https:\/\/baralivres.ma\/index.php?rest_route=%2Fwp%2Fv2%2Fproduct_tag&post=14323"}],"curies":[{"name":"wp","href":"https:\/\/api.w.org\/{rel}","templated":true}]}}