{"id":14282,"date":"2023-10-26T00:57:12","date_gmt":"2023-10-25T23:57:12","guid":{"rendered":"https:\/\/baralivres.ma\/?post_type=product&#038;p=14282"},"modified":"2024-11-28T16:55:58","modified_gmt":"2024-11-28T15:55:58","slug":"quitter-le-monde","status":"publish","type":"product","link":"https:\/\/baralivres.ma\/?product=quitter-le-monde","title":{"rendered":"Quitter le monde"},"content":{"rendered":"<p>\u00ab\u00a0Jamais je ne contracterai de mariage ni n&rsquo;aurai d&rsquo;enfants.\u00a0\u00bb \u00c0 l&rsquo;\u00e9poque o\u00f9 Jane a prononc\u00e9 cette d\u00e9claration, elle avait 13 ans. Le lendemain matin, son p\u00e8re a commenc\u00e9 \u00e0 faire ses valises. \u00c9tait-ce le fruit du hasard ? Une simple co\u00efncidence ? Jane regrettera cette d\u00e9cision toute sa vie.<\/p>\n<p>De Harvard \u00e0 Boston, des lettres classiques aux manigances financi\u00e8res, tout ce qu&rsquo;elle tente semble lui \u00e9chapper. M\u00eame lorsque la vie lui accorde enfin une opportunit\u00e9, elle la lui retire aussit\u00f4t. C&rsquo;est pourquoi Jane est obs\u00e9d\u00e9e par une seule id\u00e9e : fuir, n&rsquo;importe o\u00f9, pour \u00e9chapper \u00e0 ce monde.<\/p>\n","protected":false},"excerpt":{"rendered":"<p>Jane, \u00e0 13 ans, renonce au mariage et aux enfants, d\u00e9clenchant une s\u00e9rie de revers et une qu\u00eate d&rsquo;\u00e9vasion.<\/p>\n","protected":false},"featured_media":14283,"comment_status":"open","ping_status":"closed","template":"","meta":{"inline_featured_image":false},"product_cat":[3873,143],"product_tag":[],"class_list":{"0":"post-14282","1":"product","2":"type-product","3":"status-publish","4":"has-post-thumbnail","6":"product_cat-roman-en-francais","7":"product_cat-roman","8":"pa_auteurs-douglas-kennedy","10":"first","11":"instock","12":"shipping-taxable","13":"purchasable","14":"product-type-simple"},"_links":{"self":[{"href":"https:\/\/baralivres.ma\/index.php?rest_route=\/wp\/v2\/product\/14282","targetHints":{"allow":["GET"]}}],"collection":[{"href":"https:\/\/baralivres.ma\/index.php?rest_route=\/wp\/v2\/product"}],"about":[{"href":"https:\/\/baralivres.ma\/index.php?rest_route=\/wp\/v2\/types\/product"}],"replies":[{"embeddable":true,"href":"https:\/\/baralivres.ma\/index.php?rest_route=%2Fwp%2Fv2%2Fcomments&post=14282"}],"version-history":[{"count":1,"href":"https:\/\/baralivres.ma\/index.php?rest_route=\/wp\/v2\/product\/14282\/revisions"}],"predecessor-version":[{"id":14284,"href":"https:\/\/baralivres.ma\/index.php?rest_route=\/wp\/v2\/product\/14282\/revisions\/14284"}],"wp:featuredmedia":[{"embeddable":true,"href":"https:\/\/baralivres.ma\/index.php?rest_route=\/wp\/v2\/media\/14283"}],"wp:attachment":[{"href":"https:\/\/baralivres.ma\/index.php?rest_route=%2Fwp%2Fv2%2Fmedia&parent=14282"}],"wp:term":[{"taxonomy":"product_cat","embeddable":true,"href":"https:\/\/baralivres.ma\/index.php?rest_route=%2Fwp%2Fv2%2Fproduct_cat&post=14282"},{"taxonomy":"product_tag","embeddable":true,"href":"https:\/\/baralivres.ma\/index.php?rest_route=%2Fwp%2Fv2%2Fproduct_tag&post=14282"}],"curies":[{"name":"wp","href":"https:\/\/api.w.org\/{rel}","templated":true}]}}