{"id":14275,"date":"2023-10-26T00:49:01","date_gmt":"2023-10-25T23:49:01","guid":{"rendered":"https:\/\/baralivres.ma\/?post_type=product&#038;p=14275"},"modified":"2024-11-28T16:33:28","modified_gmt":"2024-11-28T15:33:28","slug":"rien-ne-va-plus","status":"publish","type":"product","link":"https:\/\/baralivres.ma\/?product=rien-ne-va-plus","title":{"rendered":"Rien ne va plus"},"content":{"rendered":"<p>\u00c0 Hollywood, le destin oscille entre gloire et d\u00e9ch\u00e9ance. Dans la grande roue du succ\u00e8s, un simple tour peut vous propulser au sommet, tout comme un mauvais num\u00e9ro peut vous faire d\u00e9gringoler.<\/p>\n<p>Le projet de s\u00e9rie de David Armitage vient d&rsquo;\u00eatre accept\u00e9 par une grande cha\u00eene c\u00e2bl\u00e9e. Apr\u00e8s dix ann\u00e9es de lutte \u00e0 vendre ses sc\u00e9narios ici et l\u00e0, ses efforts sont finalement r\u00e9compens\u00e9s. La reconnaissance, la richesse et la c\u00e9l\u00e9brit\u00e9 sont \u00e0 port\u00e9e de main.<\/p>\n<p>Cependant, la machine s&#8217;emballe, et la Cit\u00e9 des Anges lui r\u00e9serve une chute qui sera \u00e0 la hauteur de son ambition&#8230; Monumentale.<\/p>\n","protected":false},"excerpt":{"rendered":"<p>\u00c0 Hollywood, le destin oscille entre gloire et d\u00e9ch\u00e9ance. Dans la grande roue du succ\u00e8s, un simple tour peut vous propulser au sommet, tout comme un mauvais num\u00e9ro peut vous faire d\u00e9gringoler. Le projet de s\u00e9rie de David Armitage vient d&rsquo;\u00eatre accept\u00e9 par une grande cha\u00eene c\u00e2bl\u00e9e. Apr\u00e8s dix ann\u00e9es de lutte \u00e0 vendre ses [&hellip;]<\/p>\n","protected":false},"featured_media":14277,"comment_status":"open","ping_status":"closed","template":"","meta":{"inline_featured_image":false},"product_cat":[3873,143],"product_tag":[],"class_list":{"0":"post-14275","1":"product","2":"type-product","3":"status-publish","4":"has-post-thumbnail","6":"product_cat-roman-en-francais","7":"product_cat-roman","8":"pa_auteurs-douglas-kennedy","10":"first","11":"instock","12":"shipping-taxable","13":"purchasable","14":"product-type-simple"},"_links":{"self":[{"href":"https:\/\/baralivres.ma\/index.php?rest_route=\/wp\/v2\/product\/14275","targetHints":{"allow":["GET"]}}],"collection":[{"href":"https:\/\/baralivres.ma\/index.php?rest_route=\/wp\/v2\/product"}],"about":[{"href":"https:\/\/baralivres.ma\/index.php?rest_route=\/wp\/v2\/types\/product"}],"replies":[{"embeddable":true,"href":"https:\/\/baralivres.ma\/index.php?rest_route=%2Fwp%2Fv2%2Fcomments&post=14275"}],"version-history":[{"count":1,"href":"https:\/\/baralivres.ma\/index.php?rest_route=\/wp\/v2\/product\/14275\/revisions"}],"predecessor-version":[{"id":14278,"href":"https:\/\/baralivres.ma\/index.php?rest_route=\/wp\/v2\/product\/14275\/revisions\/14278"}],"wp:featuredmedia":[{"embeddable":true,"href":"https:\/\/baralivres.ma\/index.php?rest_route=\/wp\/v2\/media\/14277"}],"wp:attachment":[{"href":"https:\/\/baralivres.ma\/index.php?rest_route=%2Fwp%2Fv2%2Fmedia&parent=14275"}],"wp:term":[{"taxonomy":"product_cat","embeddable":true,"href":"https:\/\/baralivres.ma\/index.php?rest_route=%2Fwp%2Fv2%2Fproduct_cat&post=14275"},{"taxonomy":"product_tag","embeddable":true,"href":"https:\/\/baralivres.ma\/index.php?rest_route=%2Fwp%2Fv2%2Fproduct_tag&post=14275"}],"curies":[{"name":"wp","href":"https:\/\/api.w.org\/{rel}","templated":true}]}}