{"id":14271,"date":"2023-10-26T00:41:05","date_gmt":"2023-10-25T23:41:05","guid":{"rendered":"https:\/\/baralivres.ma\/?post_type=product&#038;p=14271"},"modified":"2024-11-28T16:56:20","modified_gmt":"2024-11-28T15:56:20","slug":"les-sirenes-de-bagdad","status":"publish","type":"product","link":"https:\/\/baralivres.ma\/?product=les-sirenes-de-bagdad","title":{"rendered":"Les sir\u00e8nes de Bagdad"},"content":{"rendered":"<p>Kafr Karam, un modeste village situ\u00e9 en p\u00e9riph\u00e9rie du d\u00e9sert irakien, est un lieu de discussions en face de la t\u00e9l\u00e9vision, d&rsquo;attente monotone, \u00e9loign\u00e9 du conflit d\u00e9clench\u00e9 par les forces occidentales. Cependant, t\u00f4t ou tard, le tumulte du conflit parviendra \u00e0 atteindre cette r\u00e9gion o\u00f9 la foi, les coutumes et l&rsquo;honneur sont profond\u00e9ment ancr\u00e9s. Lorsqu&rsquo;une nouvelle offense vient profaner les valeurs les plus sacr\u00e9es d&rsquo;un B\u00e9douin, c&rsquo;est alors que s&rsquo;ouvre la p\u00e9riode de col\u00e8re et de r\u00e9tribution. Seule la vers\u00e9e de sang peut purifier ce qui a \u00e9t\u00e9 souill\u00e9&#8230;<\/p>\n","protected":false},"excerpt":{"rendered":"<p>Kafr Karam, village irakien isol\u00e9, confront\u00e9 \u00e0 la guerre, d\u00e9clenche col\u00e8re et riposte pour prot\u00e9ger son honneur.<\/p>\n","protected":false},"featured_media":14272,"comment_status":"open","ping_status":"closed","template":"","meta":{"inline_featured_image":false},"product_cat":[3873,143],"product_tag":[],"class_list":{"0":"post-14271","1":"product","2":"type-product","3":"status-publish","4":"has-post-thumbnail","6":"product_cat-roman-en-francais","7":"product_cat-roman","8":"pa_auteurs-yasmina-khadra","10":"first","11":"instock","12":"shipping-taxable","13":"purchasable","14":"product-type-simple"},"_links":{"self":[{"href":"https:\/\/baralivres.ma\/index.php?rest_route=\/wp\/v2\/product\/14271","targetHints":{"allow":["GET"]}}],"collection":[{"href":"https:\/\/baralivres.ma\/index.php?rest_route=\/wp\/v2\/product"}],"about":[{"href":"https:\/\/baralivres.ma\/index.php?rest_route=\/wp\/v2\/types\/product"}],"replies":[{"embeddable":true,"href":"https:\/\/baralivres.ma\/index.php?rest_route=%2Fwp%2Fv2%2Fcomments&post=14271"}],"version-history":[{"count":1,"href":"https:\/\/baralivres.ma\/index.php?rest_route=\/wp\/v2\/product\/14271\/revisions"}],"predecessor-version":[{"id":14273,"href":"https:\/\/baralivres.ma\/index.php?rest_route=\/wp\/v2\/product\/14271\/revisions\/14273"}],"wp:featuredmedia":[{"embeddable":true,"href":"https:\/\/baralivres.ma\/index.php?rest_route=\/wp\/v2\/media\/14272"}],"wp:attachment":[{"href":"https:\/\/baralivres.ma\/index.php?rest_route=%2Fwp%2Fv2%2Fmedia&parent=14271"}],"wp:term":[{"taxonomy":"product_cat","embeddable":true,"href":"https:\/\/baralivres.ma\/index.php?rest_route=%2Fwp%2Fv2%2Fproduct_cat&post=14271"},{"taxonomy":"product_tag","embeddable":true,"href":"https:\/\/baralivres.ma\/index.php?rest_route=%2Fwp%2Fv2%2Fproduct_tag&post=14271"}],"curies":[{"name":"wp","href":"https:\/\/api.w.org\/{rel}","templated":true}]}}