{"id":14265,"date":"2023-10-26T00:31:32","date_gmt":"2023-10-25T23:31:32","guid":{"rendered":"https:\/\/baralivres.ma\/?post_type=product&#038;p=14265"},"modified":"2024-11-28T16:57:06","modified_gmt":"2024-11-28T15:57:06","slug":"le-sel-de-tous-les-oublis","status":"publish","type":"product","link":"https:\/\/baralivres.ma\/?product=le-sel-de-tous-les-oublis","title":{"rendered":"Le Sel de tous les oublis"},"content":{"rendered":"<p>Lorsqu&rsquo;une femme claque la porte et s&rsquo;en va, elle emporte tout avec elle, comme l&rsquo;a d\u00e9couvert Adem Na\u00eft-Gacem \u00e0 ses d\u00e9pens. Incapable de supporter le vide laiss\u00e9 par le d\u00e9part de sa femme, cet instituteur abandonna ses \u00e9l\u00e8ves et, tel un aventurier moderne \u00e0 la mani\u00e8re de Don Quichotte, renon\u00e7a \u00e0 tout pour prendre la route. Livr\u00e9 aux caprices de l&rsquo;errance, il devint un vagabond, rejoignant la communaut\u00e9 des exclus, des naufrag\u00e9s de la vie. Son chemin fut marqu\u00e9 par des rencontres fortuites : un nain en qu\u00eate d&rsquo;affection, un musicien aveugle au chant proph\u00e9tique, des vieux routards, des anciens for\u00e7ats en convalescence, ainsi que des \u00e2mes simples qui le ramenaient constamment vers la r\u00e9demption, m\u00eame s&rsquo;il refusait d&rsquo;y croire. Cependant, le jour finit par arriver o\u00f9 il fut rattrap\u00e9 par ses vieux d\u00e9mons&#8230;<\/p>\n","protected":false},"excerpt":{"rendered":"<p>Une femme part, laissant l&rsquo;instituteur Adem errer, rencontrer des marginaux, jusqu&rsquo;\u00e0 son in\u00e9vitable confrontation avec le pass\u00e9.<\/p>\n","protected":false},"featured_media":14266,"comment_status":"open","ping_status":"closed","template":"","meta":{"inline_featured_image":false},"product_cat":[3873,143],"product_tag":[],"class_list":{"0":"post-14265","1":"product","2":"type-product","3":"status-publish","4":"has-post-thumbnail","6":"product_cat-roman-en-francais","7":"product_cat-roman","8":"pa_auteurs-yasmina-khadra","10":"first","11":"instock","12":"shipping-taxable","13":"purchasable","14":"product-type-simple"},"_links":{"self":[{"href":"https:\/\/baralivres.ma\/index.php?rest_route=\/wp\/v2\/product\/14265","targetHints":{"allow":["GET"]}}],"collection":[{"href":"https:\/\/baralivres.ma\/index.php?rest_route=\/wp\/v2\/product"}],"about":[{"href":"https:\/\/baralivres.ma\/index.php?rest_route=\/wp\/v2\/types\/product"}],"replies":[{"embeddable":true,"href":"https:\/\/baralivres.ma\/index.php?rest_route=%2Fwp%2Fv2%2Fcomments&post=14265"}],"version-history":[{"count":1,"href":"https:\/\/baralivres.ma\/index.php?rest_route=\/wp\/v2\/product\/14265\/revisions"}],"predecessor-version":[{"id":14267,"href":"https:\/\/baralivres.ma\/index.php?rest_route=\/wp\/v2\/product\/14265\/revisions\/14267"}],"wp:featuredmedia":[{"embeddable":true,"href":"https:\/\/baralivres.ma\/index.php?rest_route=\/wp\/v2\/media\/14266"}],"wp:attachment":[{"href":"https:\/\/baralivres.ma\/index.php?rest_route=%2Fwp%2Fv2%2Fmedia&parent=14265"}],"wp:term":[{"taxonomy":"product_cat","embeddable":true,"href":"https:\/\/baralivres.ma\/index.php?rest_route=%2Fwp%2Fv2%2Fproduct_cat&post=14265"},{"taxonomy":"product_tag","embeddable":true,"href":"https:\/\/baralivres.ma\/index.php?rest_route=%2Fwp%2Fv2%2Fproduct_tag&post=14265"}],"curies":[{"name":"wp","href":"https:\/\/api.w.org\/{rel}","templated":true}]}}