{"id":14259,"date":"2023-10-26T00:24:26","date_gmt":"2023-10-25T23:24:26","guid":{"rendered":"https:\/\/baralivres.ma\/?post_type=product&#038;p=14259"},"modified":"2024-11-28T16:54:31","modified_gmt":"2024-11-28T15:54:31","slug":"lattentat","status":"publish","type":"product","link":"https:\/\/baralivres.ma\/?product=lattentat","title":{"rendered":"L&rsquo;attentat"},"content":{"rendered":"<p>Dans un restaurant de Tel-Aviv, une jeune femme se fait exploser au milieu de nombreux clients. \u00c0 l&rsquo;h\u00f4pital, le Dr. Amine, un chirurgien d&rsquo;origine arabe qui exerce en Isra\u00ebl, effectue en s\u00e9rie des op\u00e9rations sur les survivants de l&rsquo;attentat. Dans la nuit suivant la trag\u00e9die, il est appel\u00e9 en urgence pour examiner le corps d\u00e9chiquet\u00e9 de la kamikaze. C&rsquo;est alors que tout bascule pour lui, le sol se d\u00e9robe sous ses pieds : il s&rsquo;agit de sa propre \u00e9pouse.<\/p>\n<p>Comment accepter l&rsquo;incroyable, comprendre l&rsquo;inconcevable, r\u00e9aliser qu&rsquo;il a partag\u00e9 sa vie et son intimit\u00e9 avec une personne dont il ignorait l&rsquo;essentiel pendant des ann\u00e9es ? Pour le d\u00e9couvrir, il doit plonger dans la haine, le sang et le combat d\u00e9sesp\u00e9r\u00e9 du peuple palestinien&#8230;<\/p>\n","protected":false},"excerpt":{"rendered":"<p>Chirurgien isra\u00e9lien d\u00e9couvre que sa femme \u00e9tait kamikaze palestinienne, plongeant dans la complexit\u00e9 du conflit.<\/p>\n","protected":false},"featured_media":14260,"comment_status":"open","ping_status":"closed","template":"","meta":{"inline_featured_image":false},"product_cat":[3873,143],"product_tag":[],"class_list":{"0":"post-14259","1":"product","2":"type-product","3":"status-publish","4":"has-post-thumbnail","6":"product_cat-roman-en-francais","7":"product_cat-roman","8":"pa_auteurs-yasmina-khadra","10":"first","11":"instock","12":"shipping-taxable","13":"purchasable","14":"product-type-simple"},"_links":{"self":[{"href":"https:\/\/baralivres.ma\/index.php?rest_route=\/wp\/v2\/product\/14259","targetHints":{"allow":["GET"]}}],"collection":[{"href":"https:\/\/baralivres.ma\/index.php?rest_route=\/wp\/v2\/product"}],"about":[{"href":"https:\/\/baralivres.ma\/index.php?rest_route=\/wp\/v2\/types\/product"}],"replies":[{"embeddable":true,"href":"https:\/\/baralivres.ma\/index.php?rest_route=%2Fwp%2Fv2%2Fcomments&post=14259"}],"version-history":[{"count":1,"href":"https:\/\/baralivres.ma\/index.php?rest_route=\/wp\/v2\/product\/14259\/revisions"}],"predecessor-version":[{"id":14261,"href":"https:\/\/baralivres.ma\/index.php?rest_route=\/wp\/v2\/product\/14259\/revisions\/14261"}],"wp:featuredmedia":[{"embeddable":true,"href":"https:\/\/baralivres.ma\/index.php?rest_route=\/wp\/v2\/media\/14260"}],"wp:attachment":[{"href":"https:\/\/baralivres.ma\/index.php?rest_route=%2Fwp%2Fv2%2Fmedia&parent=14259"}],"wp:term":[{"taxonomy":"product_cat","embeddable":true,"href":"https:\/\/baralivres.ma\/index.php?rest_route=%2Fwp%2Fv2%2Fproduct_cat&post=14259"},{"taxonomy":"product_tag","embeddable":true,"href":"https:\/\/baralivres.ma\/index.php?rest_route=%2Fwp%2Fv2%2Fproduct_tag&post=14259"}],"curies":[{"name":"wp","href":"https:\/\/api.w.org\/{rel}","templated":true}]}}