{"id":14249,"date":"2023-10-26T00:07:44","date_gmt":"2023-10-25T23:07:44","guid":{"rendered":"https:\/\/baralivres.ma\/?post_type=product&#038;p=14249"},"modified":"2024-11-28T16:53:21","modified_gmt":"2024-11-28T15:53:21","slug":"la-derniere-nuit-du-rais","status":"publish","type":"product","link":"https:\/\/baralivres.ma\/?product=la-derniere-nuit-du-rais","title":{"rendered":"La Derni\u00e8re Nuit du Ra\u00efs"},"content":{"rendered":"<p>Dans la nuit du 19 au 20 octobre 2011, Mouammar Kadhafi, accul\u00e9 par des rebelles d\u00e9termin\u00e9s \u00e0 lib\u00e9rer la Libye, s&rsquo;est r\u00e9fugi\u00e9 \u00e0 Syrte, sachant que la mort \u00e9tait imminente avec l&rsquo;arriv\u00e9e du jour. Entour\u00e9 d&rsquo;un petit groupe de partisans, ce dictateur s&rsquo;accroche \u00e0 ses illusions et fantasmes. Il se consid\u00e8re comme l&rsquo;\u00c9lu de Dieu et le Guide l\u00e9gitime de la nation, croyant que personne ne peut le renverser. Aveugl\u00e9 par son incapacit\u00e9 \u00e0 accepter la r\u00e9alit\u00e9 in\u00e9luctable de sa chute, il se pr\u00e9cipite vers sa propre perte. Dans ses derniers instants, le tyran se rem\u00e9more son ascension au pouvoir et raconte les heures tendues qui ont pr\u00e9c\u00e9d\u00e9 sa fin imminente. Il r\u00e9alise \u00e0 quel point sa gloire pass\u00e9e semble lointaine, tandis que l&rsquo;enthousiasme du peuple n&rsquo;est plus qu&rsquo;une illusion trompeuse.<\/p>\n","protected":false},"excerpt":{"rendered":"<p>En octobre 2011, Mouammar Kadhafi, cern\u00e9 par des rebelles, refuse la r\u00e9alit\u00e9 de sa chute imminente.<\/p>\n","protected":false},"featured_media":14250,"comment_status":"open","ping_status":"closed","template":"","meta":{"inline_featured_image":false},"product_cat":[3873,143,178],"product_tag":[],"class_list":{"0":"post-14249","1":"product","2":"type-product","3":"status-publish","4":"has-post-thumbnail","6":"product_cat-roman-en-francais","7":"product_cat-roman","8":"product_cat-contemporain","9":"pa_auteurs-yasmina-khadra","11":"first","12":"instock","13":"shipping-taxable","14":"purchasable","15":"product-type-simple"},"_links":{"self":[{"href":"https:\/\/baralivres.ma\/index.php?rest_route=\/wp\/v2\/product\/14249","targetHints":{"allow":["GET"]}}],"collection":[{"href":"https:\/\/baralivres.ma\/index.php?rest_route=\/wp\/v2\/product"}],"about":[{"href":"https:\/\/baralivres.ma\/index.php?rest_route=\/wp\/v2\/types\/product"}],"replies":[{"embeddable":true,"href":"https:\/\/baralivres.ma\/index.php?rest_route=%2Fwp%2Fv2%2Fcomments&post=14249"}],"version-history":[{"count":2,"href":"https:\/\/baralivres.ma\/index.php?rest_route=\/wp\/v2\/product\/14249\/revisions"}],"predecessor-version":[{"id":14252,"href":"https:\/\/baralivres.ma\/index.php?rest_route=\/wp\/v2\/product\/14249\/revisions\/14252"}],"wp:featuredmedia":[{"embeddable":true,"href":"https:\/\/baralivres.ma\/index.php?rest_route=\/wp\/v2\/media\/14250"}],"wp:attachment":[{"href":"https:\/\/baralivres.ma\/index.php?rest_route=%2Fwp%2Fv2%2Fmedia&parent=14249"}],"wp:term":[{"taxonomy":"product_cat","embeddable":true,"href":"https:\/\/baralivres.ma\/index.php?rest_route=%2Fwp%2Fv2%2Fproduct_cat&post=14249"},{"taxonomy":"product_tag","embeddable":true,"href":"https:\/\/baralivres.ma\/index.php?rest_route=%2Fwp%2Fv2%2Fproduct_tag&post=14249"}],"curies":[{"name":"wp","href":"https:\/\/api.w.org\/{rel}","templated":true}]}}