{"id":14245,"date":"2023-10-25T23:57:29","date_gmt":"2023-10-25T22:57:29","guid":{"rendered":"https:\/\/baralivres.ma\/?post_type=product&#038;p=14245"},"modified":"2024-11-28T16:52:03","modified_gmt":"2024-11-28T15:52:03","slug":"pour-lamour-delena","status":"publish","type":"product","link":"https:\/\/baralivres.ma\/?product=pour-lamour-delena","title":{"rendered":"Pour l&rsquo;amour d&rsquo;Elena"},"content":{"rendered":"<p>Ils \u00e9taient les jeunes pr\u00e9tendants de l&rsquo;Enclos de la Trinit\u00e9, au c\u0153ur du d\u00e9sert mexicain, et tout le village croyait en leur mariage. Cependant, leur destin bascule le jour o\u00f9 un inconnu croise leur chemin. Diego, paralys\u00e9 par la peur, est contraint d&rsquo;assister \u00e0 l&rsquo;agression d&rsquo;Elena par cet homme, mettant ainsi fin \u00e0 leur doux r\u00eave. Apr\u00e8s cet \u00e9v\u00e9nement, tout semble devenir terne, comme si la vie \u00e9tait devenue poussi\u00e8re. Lorsque la jeune fille part pour Ju\u00e1rez, Diego h\u00e9site, mais finit par plonger dans l&rsquo;enfer des cartels par amour pour Elena.<\/p>\n","protected":false},"excerpt":{"rendered":"<p>Deux fianc\u00e9s mexicains voient leur amour bris\u00e9 par un inconnu, les plongeant dans le monde des cartels.<\/p>\n","protected":false},"featured_media":14246,"comment_status":"open","ping_status":"closed","template":"","meta":{"inline_featured_image":false},"product_cat":[3873,143],"product_tag":[],"class_list":{"0":"post-14245","1":"product","2":"type-product","3":"status-publish","4":"has-post-thumbnail","6":"product_cat-roman-en-francais","7":"product_cat-roman","8":"pa_auteurs-yasmina-khadra","10":"first","11":"instock","12":"shipping-taxable","13":"purchasable","14":"product-type-simple"},"_links":{"self":[{"href":"https:\/\/baralivres.ma\/index.php?rest_route=\/wp\/v2\/product\/14245","targetHints":{"allow":["GET"]}}],"collection":[{"href":"https:\/\/baralivres.ma\/index.php?rest_route=\/wp\/v2\/product"}],"about":[{"href":"https:\/\/baralivres.ma\/index.php?rest_route=\/wp\/v2\/types\/product"}],"replies":[{"embeddable":true,"href":"https:\/\/baralivres.ma\/index.php?rest_route=%2Fwp%2Fv2%2Fcomments&post=14245"}],"version-history":[{"count":2,"href":"https:\/\/baralivres.ma\/index.php?rest_route=\/wp\/v2\/product\/14245\/revisions"}],"predecessor-version":[{"id":14248,"href":"https:\/\/baralivres.ma\/index.php?rest_route=\/wp\/v2\/product\/14245\/revisions\/14248"}],"wp:featuredmedia":[{"embeddable":true,"href":"https:\/\/baralivres.ma\/index.php?rest_route=\/wp\/v2\/media\/14246"}],"wp:attachment":[{"href":"https:\/\/baralivres.ma\/index.php?rest_route=%2Fwp%2Fv2%2Fmedia&parent=14245"}],"wp:term":[{"taxonomy":"product_cat","embeddable":true,"href":"https:\/\/baralivres.ma\/index.php?rest_route=%2Fwp%2Fv2%2Fproduct_cat&post=14245"},{"taxonomy":"product_tag","embeddable":true,"href":"https:\/\/baralivres.ma\/index.php?rest_route=%2Fwp%2Fv2%2Fproduct_tag&post=14245"}],"curies":[{"name":"wp","href":"https:\/\/api.w.org\/{rel}","templated":true}]}}