{"id":14235,"date":"2023-10-25T23:45:28","date_gmt":"2023-10-25T22:45:28","guid":{"rendered":"https:\/\/baralivres.ma\/?post_type=product&#038;p=14235"},"modified":"2024-11-28T16:48:08","modified_gmt":"2024-11-28T15:48:08","slug":"khalil","status":"publish","type":"product","link":"https:\/\/baralivres.ma\/?product=khalil","title":{"rendered":"Khalil"},"content":{"rendered":"<p>Le deuil s&rsquo;annonce comme un \u00e9v\u00e9nement mondial, une r\u00e9alit\u00e9 qu&rsquo;ils reconnaissent et esp\u00e8rent. Le 13 novembre 2015, quatre hommes se trouvent entass\u00e9s dans une voiture, se dirigeant vers le Stade de France. Leur intention est claire : provoquer le chaos. Ils cherchent \u00e0 donner un sens \u00e0 leur vie en flirtant avec la mort, eux qui sont marginalis\u00e9s, exclus de la soci\u00e9t\u00e9. Khalil, portant une ceinture d&rsquo;explosifs, \u00e9coute pieusement les sourates diffus\u00e9es par la radio de la voiture. On peut se demander s&rsquo;il est guid\u00e9 par la foi, la vengeance, le destin, ou bien une combinaison de ces \u00e9l\u00e9ments. Comment en est-il arriv\u00e9 l\u00e0, et pourquoi ? C&rsquo;est l&rsquo;examen approfondi d&rsquo;un kamikaze.<\/p>\n","protected":false},"excerpt":{"rendered":"<p>Le deuil plan\u00e9taire, quatre hommes en route vers le chaos au Stade de France, le kamikaze Khalil.<\/p>\n","protected":false},"featured_media":14236,"comment_status":"open","ping_status":"closed","template":"","meta":{"inline_featured_image":false},"product_cat":[3873,143,178],"product_tag":[],"class_list":{"0":"post-14235","1":"product","2":"type-product","3":"status-publish","4":"has-post-thumbnail","6":"product_cat-roman-en-francais","7":"product_cat-roman","8":"product_cat-contemporain","9":"pa_auteurs-yasmina-khadra","11":"first","12":"instock","13":"shipping-taxable","14":"purchasable","15":"product-type-simple"},"_links":{"self":[{"href":"https:\/\/baralivres.ma\/index.php?rest_route=\/wp\/v2\/product\/14235","targetHints":{"allow":["GET"]}}],"collection":[{"href":"https:\/\/baralivres.ma\/index.php?rest_route=\/wp\/v2\/product"}],"about":[{"href":"https:\/\/baralivres.ma\/index.php?rest_route=\/wp\/v2\/types\/product"}],"replies":[{"embeddable":true,"href":"https:\/\/baralivres.ma\/index.php?rest_route=%2Fwp%2Fv2%2Fcomments&post=14235"}],"version-history":[{"count":1,"href":"https:\/\/baralivres.ma\/index.php?rest_route=\/wp\/v2\/product\/14235\/revisions"}],"predecessor-version":[{"id":14237,"href":"https:\/\/baralivres.ma\/index.php?rest_route=\/wp\/v2\/product\/14235\/revisions\/14237"}],"wp:featuredmedia":[{"embeddable":true,"href":"https:\/\/baralivres.ma\/index.php?rest_route=\/wp\/v2\/media\/14236"}],"wp:attachment":[{"href":"https:\/\/baralivres.ma\/index.php?rest_route=%2Fwp%2Fv2%2Fmedia&parent=14235"}],"wp:term":[{"taxonomy":"product_cat","embeddable":true,"href":"https:\/\/baralivres.ma\/index.php?rest_route=%2Fwp%2Fv2%2Fproduct_cat&post=14235"},{"taxonomy":"product_tag","embeddable":true,"href":"https:\/\/baralivres.ma\/index.php?rest_route=%2Fwp%2Fv2%2Fproduct_tag&post=14235"}],"curies":[{"name":"wp","href":"https:\/\/api.w.org\/{rel}","templated":true}]}}