{"id":14232,"date":"2023-10-25T23:41:33","date_gmt":"2023-10-25T22:41:33","guid":{"rendered":"https:\/\/baralivres.ma\/?post_type=product&#038;p=14232"},"modified":"2024-11-28T16:47:35","modified_gmt":"2024-11-28T15:47:35","slug":"lequation-africaine","status":"publish","type":"product","link":"https:\/\/baralivres.ma\/?product=lequation-africaine","title":{"rendered":"L&rsquo;\u00e9quation africaine"},"content":{"rendered":"<p>Profond\u00e9ment perturb\u00e9 par le d\u00e9c\u00e8s de sa femme, le docteur Kurt Krausmann suscite des inqui\u00e9tudes parmi ses proches. Contre sa volont\u00e9 presque, il se laisse convaincre par son ami Hans de participer \u00e0 une mission humanitaire, esp\u00e9rant que ce p\u00e9riple le conduira vers la reconstruction.<\/p>\n<p>Cependant, un matin, au large du Soudan, leur voilier est intercept\u00e9 par des pirates qui les prennent en otage. Alors priv\u00e9 de sa libert\u00e9, Kurt va \u00eatre amen\u00e9 \u00e0 d\u00e9couvrir la v\u00e9ritable essence de l&rsquo;Afrique, en voyageant de pays en pays, en faisant des rencontres aussi surprenantes qu&rsquo;inattendues.<\/p>\n<p>Cette captivit\u00e9 inattendue se r\u00e9v\u00e8le \u00eatre le chemin incontournable que le docteur Kurt Krausmann doit emprunter pour enfin passer de la simple existence \u00e0 une v\u00e9ritable vie.<\/p>\n","protected":false},"excerpt":{"rendered":"<p>Kurt, en deuil, rejoint mission humanitaire, captur\u00e9 par pirates, d\u00e9couvre l&rsquo;Afrique, transforme sa vie.<\/p>\n","protected":false},"featured_media":14233,"comment_status":"open","ping_status":"closed","template":"","meta":{"inline_featured_image":false},"product_cat":[3873,143,178],"product_tag":[],"class_list":{"0":"post-14232","1":"product","2":"type-product","3":"status-publish","4":"has-post-thumbnail","6":"product_cat-roman-en-francais","7":"product_cat-roman","8":"product_cat-contemporain","9":"pa_auteurs-yasmina-khadra","11":"first","12":"instock","13":"shipping-taxable","14":"purchasable","15":"product-type-simple"},"_links":{"self":[{"href":"https:\/\/baralivres.ma\/index.php?rest_route=\/wp\/v2\/product\/14232","targetHints":{"allow":["GET"]}}],"collection":[{"href":"https:\/\/baralivres.ma\/index.php?rest_route=\/wp\/v2\/product"}],"about":[{"href":"https:\/\/baralivres.ma\/index.php?rest_route=\/wp\/v2\/types\/product"}],"replies":[{"embeddable":true,"href":"https:\/\/baralivres.ma\/index.php?rest_route=%2Fwp%2Fv2%2Fcomments&post=14232"}],"version-history":[{"count":1,"href":"https:\/\/baralivres.ma\/index.php?rest_route=\/wp\/v2\/product\/14232\/revisions"}],"predecessor-version":[{"id":14234,"href":"https:\/\/baralivres.ma\/index.php?rest_route=\/wp\/v2\/product\/14232\/revisions\/14234"}],"wp:featuredmedia":[{"embeddable":true,"href":"https:\/\/baralivres.ma\/index.php?rest_route=\/wp\/v2\/media\/14233"}],"wp:attachment":[{"href":"https:\/\/baralivres.ma\/index.php?rest_route=%2Fwp%2Fv2%2Fmedia&parent=14232"}],"wp:term":[{"taxonomy":"product_cat","embeddable":true,"href":"https:\/\/baralivres.ma\/index.php?rest_route=%2Fwp%2Fv2%2Fproduct_cat&post=14232"},{"taxonomy":"product_tag","embeddable":true,"href":"https:\/\/baralivres.ma\/index.php?rest_route=%2Fwp%2Fv2%2Fproduct_tag&post=14232"}],"curies":[{"name":"wp","href":"https:\/\/api.w.org\/{rel}","templated":true}]}}