{"id":14226,"date":"2023-10-25T23:07:44","date_gmt":"2023-10-25T22:07:44","guid":{"rendered":"https:\/\/baralivres.ma\/?post_type=product&#038;p=14226"},"modified":"2023-10-25T23:07:45","modified_gmt":"2023-10-25T22:07:45","slug":"le-baiser-et-la-morsure","status":"publish","type":"product","link":"https:\/\/baralivres.ma\/?product=le-baiser-et-la-morsure","title":{"rendered":"Le baiser et la morsure"},"content":{"rendered":"<p>Au cours de cette s\u00e9rie d&rsquo;entretiens avec la journaliste Catherine Lalanne, Yasmina Khadra explore les origines de sa vocation litt\u00e9raire, contrari\u00e9e par son engagement militaire. S\u00e9par\u00e9 de sa famille et priv\u00e9 d&rsquo;une enfance normale, le jeune \u00e9l\u00e8ve de l&rsquo;\u00c9cole des cadets se r\u00e9fugie dans l&rsquo;amiti\u00e9 de ses compagnons d&rsquo;infortune, trouvant ainsi la d\u00e9termination n\u00e9cessaire pour r\u00e9aliser son r\u00eave d&rsquo;\u00e9crivain. Ni les ann\u00e9es pass\u00e9es dans la lutte contre le terrorisme, ni les obstacles pos\u00e9s par les instances de censure en Alg\u00e9rie ne peuvent entraver son chemin vers des millions de lecteurs \u00e0 travers le monde. C&rsquo;est l&rsquo;histoire d&rsquo;un destin extraordinaire, racont\u00e9e avec franchise, port\u00e9e par l&rsquo;inspiration de ses anc\u00eatres po\u00e8tes et l&rsquo;amour d&rsquo;une femme exceptionnelle, une femme qui a donn\u00e9 son nom \u00e0 l&rsquo;auteur qu&rsquo;elle aime et qui partage ici son histoire pour la premi\u00e8re fois.<\/p>\n","protected":false},"excerpt":{"rendered":"<p>Yasmina Khadra, malgr\u00e9 un parcours militaire contrari\u00e9, devient \u00e9crivain renomm\u00e9 gr\u00e2ce \u00e0 sa pers\u00e9v\u00e9rance et amour.<\/p>\n","protected":false},"featured_media":14227,"comment_status":"open","ping_status":"closed","template":"","meta":{"inline_featured_image":false},"product_cat":[204,143,178],"product_tag":[],"class_list":{"0":"post-14226","1":"product","2":"type-product","3":"status-publish","4":"has-post-thumbnail","6":"product_cat-francais","7":"product_cat-roman","8":"product_cat-contemporain","9":"pa_auteurs-yasmina-khadra","11":"first","12":"instock","13":"shipping-taxable","14":"purchasable","15":"product-type-simple"},"_links":{"self":[{"href":"https:\/\/baralivres.ma\/index.php?rest_route=\/wp\/v2\/product\/14226","targetHints":{"allow":["GET"]}}],"collection":[{"href":"https:\/\/baralivres.ma\/index.php?rest_route=\/wp\/v2\/product"}],"about":[{"href":"https:\/\/baralivres.ma\/index.php?rest_route=\/wp\/v2\/types\/product"}],"replies":[{"embeddable":true,"href":"https:\/\/baralivres.ma\/index.php?rest_route=%2Fwp%2Fv2%2Fcomments&post=14226"}],"version-history":[{"count":1,"href":"https:\/\/baralivres.ma\/index.php?rest_route=\/wp\/v2\/product\/14226\/revisions"}],"predecessor-version":[{"id":14228,"href":"https:\/\/baralivres.ma\/index.php?rest_route=\/wp\/v2\/product\/14226\/revisions\/14228"}],"wp:featuredmedia":[{"embeddable":true,"href":"https:\/\/baralivres.ma\/index.php?rest_route=\/wp\/v2\/media\/14227"}],"wp:attachment":[{"href":"https:\/\/baralivres.ma\/index.php?rest_route=%2Fwp%2Fv2%2Fmedia&parent=14226"}],"wp:term":[{"taxonomy":"product_cat","embeddable":true,"href":"https:\/\/baralivres.ma\/index.php?rest_route=%2Fwp%2Fv2%2Fproduct_cat&post=14226"},{"taxonomy":"product_tag","embeddable":true,"href":"https:\/\/baralivres.ma\/index.php?rest_route=%2Fwp%2Fv2%2Fproduct_tag&post=14226"}],"curies":[{"name":"wp","href":"https:\/\/api.w.org\/{rel}","templated":true}]}}