{"id":14223,"date":"2023-10-25T22:35:32","date_gmt":"2023-10-25T21:35:32","guid":{"rendered":"https:\/\/baralivres.ma\/?post_type=product&#038;p=14223"},"modified":"2024-11-28T16:18:34","modified_gmt":"2024-11-28T15:18:34","slug":"tu-nas-rien-compris-a-hassan-ii","status":"publish","type":"product","link":"https:\/\/baralivres.ma\/?product=tu-nas-rien-compris-a-hassan-ii","title":{"rendered":"Tu n&rsquo;as rien compris \u00e0 Hassan II"},"content":{"rendered":"<p>Dans un caf\u00e9, deux penseurs engag\u00e9s s&rsquo;engagent dans une conversation ininterrompue. Le sujet de leur discussion ? Hassan II, le monarque qui a fa\u00e7onn\u00e9 le Maroc moderne, sa biographie, son impact&#8230; Dans un coin isol\u00e9, une jeune femme verse discr\u00e8tement des larmes. Et tout \u00e0 coup, les discours grandiloquents disparaissent : la douleur persiste.<\/p>\n<p>La r\u00e9alit\u00e9 de la vie se d\u00e9ploie : belle, impitoyable, et par moments, comique, comme dans n&rsquo;importe quel caf\u00e9 de l&rsquo;univers. Parfois, tout tient \u00e0 des d\u00e9tails presque insignifiants : un costume, une t\u00e9l\u00e9vision, un eucalyptus&#8230; C&rsquo;est absurde, dr\u00f4le et poignant. C&rsquo;est essentiellement humain.<\/p>\n","protected":false},"excerpt":{"rendered":"<p>Deux intellectuels d\u00e9battent d&rsquo;Hassan II au caf\u00e9, une jeune fille pleure en silence, r\u00e9v\u00e9lant l&rsquo;essence humaine.<\/p>\n","protected":false},"featured_media":14224,"comment_status":"open","ping_status":"closed","template":"","meta":{"inline_featured_image":false},"product_cat":[3873,143,178],"product_tag":[],"class_list":{"0":"post-14223","1":"product","2":"type-product","3":"status-publish","4":"has-post-thumbnail","6":"product_cat-roman-en-francais","7":"product_cat-roman","8":"product_cat-contemporain","9":"pa_auteurs-fouad-laroui","11":"first","12":"instock","13":"shipping-taxable","14":"purchasable","15":"product-type-simple"},"_links":{"self":[{"href":"https:\/\/baralivres.ma\/index.php?rest_route=\/wp\/v2\/product\/14223","targetHints":{"allow":["GET"]}}],"collection":[{"href":"https:\/\/baralivres.ma\/index.php?rest_route=\/wp\/v2\/product"}],"about":[{"href":"https:\/\/baralivres.ma\/index.php?rest_route=\/wp\/v2\/types\/product"}],"replies":[{"embeddable":true,"href":"https:\/\/baralivres.ma\/index.php?rest_route=%2Fwp%2Fv2%2Fcomments&post=14223"}],"version-history":[{"count":1,"href":"https:\/\/baralivres.ma\/index.php?rest_route=\/wp\/v2\/product\/14223\/revisions"}],"predecessor-version":[{"id":14225,"href":"https:\/\/baralivres.ma\/index.php?rest_route=\/wp\/v2\/product\/14223\/revisions\/14225"}],"wp:featuredmedia":[{"embeddable":true,"href":"https:\/\/baralivres.ma\/index.php?rest_route=\/wp\/v2\/media\/14224"}],"wp:attachment":[{"href":"https:\/\/baralivres.ma\/index.php?rest_route=%2Fwp%2Fv2%2Fmedia&parent=14223"}],"wp:term":[{"taxonomy":"product_cat","embeddable":true,"href":"https:\/\/baralivres.ma\/index.php?rest_route=%2Fwp%2Fv2%2Fproduct_cat&post=14223"},{"taxonomy":"product_tag","embeddable":true,"href":"https:\/\/baralivres.ma\/index.php?rest_route=%2Fwp%2Fv2%2Fproduct_tag&post=14223"}],"curies":[{"name":"wp","href":"https:\/\/api.w.org\/{rel}","templated":true}]}}