{"id":14220,"date":"2023-10-25T22:32:34","date_gmt":"2023-10-25T21:32:34","guid":{"rendered":"https:\/\/baralivres.ma\/?post_type=product&#038;p=14220"},"modified":"2023-10-25T22:32:35","modified_gmt":"2023-10-25T21:32:35","slug":"une-annee-chez-les-francais","status":"publish","type":"product","link":"https:\/\/baralivres.ma\/?product=une-annee-chez-les-francais","title":{"rendered":"Une ann\u00e9e chez les fran\u00e7ais"},"content":{"rendered":"<p>Alger, fin des ann\u00e9es 1980. C&rsquo;est parce que les islamistes ont r\u00e9ussi \u00e0 recruter parmi une grande population de jeunes vuln\u00e9rables et leur ont insuffl\u00e9 un sentiment de but dans leur vie. Cette confusion mentale a conduit ces jeunes \u00e0 s&rsquo;ali\u00e9ner de leur famille et de leurs amis, perdant ainsi tous leurs rep\u00e8res. Ajoutez \u00e0 cela la violence inou\u00efe de la guerre civile entre les militaires et les milices islamistes, et l&rsquo;impensable est devenu possible, incitant certains \u00e0 commettre des actes abominables.<\/p>\n","protected":false},"excerpt":{"rendered":"<p>Alger, fin des ann\u00e9es 1980 : Des islamistes recrutent des jeunes vuln\u00e9rables, semant confusion, violence, et abominations.<\/p>\n","protected":false},"featured_media":14221,"comment_status":"open","ping_status":"closed","template":"","meta":{"inline_featured_image":false},"product_cat":[204,143,178],"product_tag":[],"class_list":{"0":"post-14220","1":"product","2":"type-product","3":"status-publish","4":"has-post-thumbnail","6":"product_cat-francais","7":"product_cat-roman","8":"product_cat-contemporain","9":"pa_auteurs-fouad-laroui","11":"first","12":"instock","13":"shipping-taxable","14":"purchasable","15":"product-type-simple"},"_links":{"self":[{"href":"https:\/\/baralivres.ma\/index.php?rest_route=\/wp\/v2\/product\/14220","targetHints":{"allow":["GET"]}}],"collection":[{"href":"https:\/\/baralivres.ma\/index.php?rest_route=\/wp\/v2\/product"}],"about":[{"href":"https:\/\/baralivres.ma\/index.php?rest_route=\/wp\/v2\/types\/product"}],"replies":[{"embeddable":true,"href":"https:\/\/baralivres.ma\/index.php?rest_route=%2Fwp%2Fv2%2Fcomments&post=14220"}],"version-history":[{"count":1,"href":"https:\/\/baralivres.ma\/index.php?rest_route=\/wp\/v2\/product\/14220\/revisions"}],"predecessor-version":[{"id":14222,"href":"https:\/\/baralivres.ma\/index.php?rest_route=\/wp\/v2\/product\/14220\/revisions\/14222"}],"wp:featuredmedia":[{"embeddable":true,"href":"https:\/\/baralivres.ma\/index.php?rest_route=\/wp\/v2\/media\/14221"}],"wp:attachment":[{"href":"https:\/\/baralivres.ma\/index.php?rest_route=%2Fwp%2Fv2%2Fmedia&parent=14220"}],"wp:term":[{"taxonomy":"product_cat","embeddable":true,"href":"https:\/\/baralivres.ma\/index.php?rest_route=%2Fwp%2Fv2%2Fproduct_cat&post=14220"},{"taxonomy":"product_tag","embeddable":true,"href":"https:\/\/baralivres.ma\/index.php?rest_route=%2Fwp%2Fv2%2Fproduct_tag&post=14220"}],"curies":[{"name":"wp","href":"https:\/\/api.w.org\/{rel}","templated":true}]}}