{"id":14212,"date":"2023-10-25T18:02:34","date_gmt":"2023-10-25T17:02:34","guid":{"rendered":"https:\/\/baralivres.ma\/?post_type=product&#038;p=14212"},"modified":"2023-10-25T18:02:34","modified_gmt":"2023-10-25T17:02:34","slug":"lame-du-monde","status":"publish","type":"product","link":"https:\/\/baralivres.ma\/?product=lame-du-monde","title":{"rendered":"L&rsquo;\u00e2me du monde"},"content":{"rendered":"<p>Sept sages de diverses contr\u00e9es unissent leurs forces pour enseigner la sagesse universelle \u00e0 deux adolescents. Cette fable initiatique brille en \u00e9veillant \u00e0 la fois les \u00e9motions et la r\u00e9flexion.<\/p>\n","protected":false},"excerpt":{"rendered":"<p>Sept sages du monde enseignent la sagesse universelle \u00e0 deux jeunes dans une fable \u00e9clairante.<\/p>\n","protected":false},"featured_media":14215,"comment_status":"open","ping_status":"closed","template":"","meta":{"inline_featured_image":false},"product_cat":[204,143,178],"product_tag":[],"class_list":{"0":"post-14212","1":"product","2":"type-product","3":"status-publish","4":"has-post-thumbnail","6":"product_cat-francais","7":"product_cat-roman","8":"product_cat-contemporain","9":"pa_auteurs-frederic-lenoir","11":"first","12":"instock","13":"shipping-taxable","14":"purchasable","15":"product-type-simple"},"_links":{"self":[{"href":"https:\/\/baralivres.ma\/index.php?rest_route=\/wp\/v2\/product\/14212","targetHints":{"allow":["GET"]}}],"collection":[{"href":"https:\/\/baralivres.ma\/index.php?rest_route=\/wp\/v2\/product"}],"about":[{"href":"https:\/\/baralivres.ma\/index.php?rest_route=\/wp\/v2\/types\/product"}],"replies":[{"embeddable":true,"href":"https:\/\/baralivres.ma\/index.php?rest_route=%2Fwp%2Fv2%2Fcomments&post=14212"}],"version-history":[{"count":1,"href":"https:\/\/baralivres.ma\/index.php?rest_route=\/wp\/v2\/product\/14212\/revisions"}],"predecessor-version":[{"id":14216,"href":"https:\/\/baralivres.ma\/index.php?rest_route=\/wp\/v2\/product\/14212\/revisions\/14216"}],"wp:featuredmedia":[{"embeddable":true,"href":"https:\/\/baralivres.ma\/index.php?rest_route=\/wp\/v2\/media\/14215"}],"wp:attachment":[{"href":"https:\/\/baralivres.ma\/index.php?rest_route=%2Fwp%2Fv2%2Fmedia&parent=14212"}],"wp:term":[{"taxonomy":"product_cat","embeddable":true,"href":"https:\/\/baralivres.ma\/index.php?rest_route=%2Fwp%2Fv2%2Fproduct_cat&post=14212"},{"taxonomy":"product_tag","embeddable":true,"href":"https:\/\/baralivres.ma\/index.php?rest_route=%2Fwp%2Fv2%2Fproduct_tag&post=14212"}],"curies":[{"name":"wp","href":"https:\/\/api.w.org\/{rel}","templated":true}]}}