{"id":14209,"date":"2023-10-25T18:01:51","date_gmt":"2023-10-25T17:01:51","guid":{"rendered":"https:\/\/baralivres.ma\/?post_type=product&#038;p=14209"},"modified":"2024-11-28T16:22:58","modified_gmt":"2024-11-28T15:22:58","slug":"le-colonel-chabert","status":"publish","type":"product","link":"https:\/\/baralivres.ma\/?product=le-colonel-chabert","title":{"rendered":"Le Colonel Chabert"},"content":{"rendered":"<p>Le colonel Chabert, d\u00e9clar\u00e9 mort \u00e0 la bataille d&rsquo;Eylau et enterr\u00e9 sous des corps, survit mais reste un reclus m\u00e9pris\u00e9. Dix ans plus tard, il tente de r\u00e9tablir son identit\u00e9, son rang et reconqu\u00e9rir sa femme qui s&rsquo;est remari\u00e9e avec un aristocrate. Face \u00e0 la trahison et \u00e0 l&rsquo;infamie, Chabert lutte pour sa dignit\u00e9 et son amour perdu. Cette trag\u00e9die d&rsquo;un homme d\u00e9chir\u00e9 entre sa force et sa vuln\u00e9rabilit\u00e9 demeure intemporelle et universelle, immortalis\u00e9e par le g\u00e9nie de Balzac.<\/p>\n","protected":false},"excerpt":{"rendered":"<p>Colonel Chabert, d\u00e9clar\u00e9 mort, revit pour r\u00e9cup\u00e9rer son rang et reconqu\u00e9rir sa femme apr\u00e8s une tragique trahison.<\/p>\n","protected":false},"featured_media":14213,"comment_status":"open","ping_status":"closed","template":"","meta":{"inline_featured_image":false},"product_cat":[4097,4096],"product_tag":[],"class_list":{"0":"post-14209","1":"product","2":"type-product","3":"status-publish","4":"has-post-thumbnail","6":"product_cat-francais-les_romans_classique","7":"product_cat-les_romans_classique","8":"pa_auteurs-balzac-honore-de","10":"first","11":"instock","12":"shipping-taxable","13":"purchasable","14":"product-type-simple"},"_links":{"self":[{"href":"https:\/\/baralivres.ma\/index.php?rest_route=\/wp\/v2\/product\/14209","targetHints":{"allow":["GET"]}}],"collection":[{"href":"https:\/\/baralivres.ma\/index.php?rest_route=\/wp\/v2\/product"}],"about":[{"href":"https:\/\/baralivres.ma\/index.php?rest_route=\/wp\/v2\/types\/product"}],"replies":[{"embeddable":true,"href":"https:\/\/baralivres.ma\/index.php?rest_route=%2Fwp%2Fv2%2Fcomments&post=14209"}],"version-history":[{"count":1,"href":"https:\/\/baralivres.ma\/index.php?rest_route=\/wp\/v2\/product\/14209\/revisions"}],"predecessor-version":[{"id":14214,"href":"https:\/\/baralivres.ma\/index.php?rest_route=\/wp\/v2\/product\/14209\/revisions\/14214"}],"wp:featuredmedia":[{"embeddable":true,"href":"https:\/\/baralivres.ma\/index.php?rest_route=\/wp\/v2\/media\/14213"}],"wp:attachment":[{"href":"https:\/\/baralivres.ma\/index.php?rest_route=%2Fwp%2Fv2%2Fmedia&parent=14209"}],"wp:term":[{"taxonomy":"product_cat","embeddable":true,"href":"https:\/\/baralivres.ma\/index.php?rest_route=%2Fwp%2Fv2%2Fproduct_cat&post=14209"},{"taxonomy":"product_tag","embeddable":true,"href":"https:\/\/baralivres.ma\/index.php?rest_route=%2Fwp%2Fv2%2Fproduct_tag&post=14209"}],"curies":[{"name":"wp","href":"https:\/\/api.w.org\/{rel}","templated":true}]}}