{"id":14205,"date":"2023-10-25T17:57:16","date_gmt":"2023-10-25T16:57:16","guid":{"rendered":"https:\/\/baralivres.ma\/?post_type=product&#038;p=14205"},"modified":"2024-11-28T16:24:41","modified_gmt":"2024-11-28T15:24:41","slug":"les-caprices-de-marianne","status":"publish","type":"product","link":"https:\/\/baralivres.ma\/?product=les-caprices-de-marianne","title":{"rendered":"Les Caprices de Marianne"},"content":{"rendered":"<p>\u00c0 Naples, la belle Marianne s\u00e9duit les hommes, entretenant une coquetterie sans fin malgr\u00e9 son mariage. Son charme persistant attire pr\u00e9tendants et amoureux en qu\u00eate de ses faveurs. Parmi eux, C\u0153lio, un homme timide, d\u00e9sire conqu\u00e9rir Marianne, mais sa maladresse le paralyse. Pour surmonter ce d\u00e9fi amoureux, il sollicite les conseils d&rsquo;Octave, un s\u00e9ducteur exp\u00e9riment\u00e9. Octave se lance alors dans un jeu de manipulation o\u00f9 se m\u00ealent l&rsquo;amour, la ruse et les secrets.<\/p>\n<p>Cette histoire se d\u00e9roule dans une Naples fantastique, oscillant entre com\u00e9die et drame, o\u00f9 les destin\u00e9es des personnages restent incertaines jusqu&rsquo;au d\u00e9nouement final.<\/p>\n","protected":false},"excerpt":{"rendered":"<p>Dans l&rsquo;effervescente Naples, une com\u00e9die de s\u00e9duction se d\u00e9roule, o\u00f9 les destins s&rsquo;entrelacent, oscillant entre rires et larmes.<\/p>\n","protected":false},"featured_media":14207,"comment_status":"open","ping_status":"closed","template":"","meta":{"inline_featured_image":false},"product_cat":[4097,4096],"product_tag":[],"class_list":{"0":"post-14205","1":"product","2":"type-product","3":"status-publish","4":"has-post-thumbnail","6":"product_cat-francais-les_romans_classique","7":"product_cat-les_romans_classique","8":"pa_auteurs-musset-alfred-de","10":"first","11":"instock","12":"shipping-taxable","13":"purchasable","14":"product-type-simple"},"_links":{"self":[{"href":"https:\/\/baralivres.ma\/index.php?rest_route=\/wp\/v2\/product\/14205","targetHints":{"allow":["GET"]}}],"collection":[{"href":"https:\/\/baralivres.ma\/index.php?rest_route=\/wp\/v2\/product"}],"about":[{"href":"https:\/\/baralivres.ma\/index.php?rest_route=\/wp\/v2\/types\/product"}],"replies":[{"embeddable":true,"href":"https:\/\/baralivres.ma\/index.php?rest_route=%2Fwp%2Fv2%2Fcomments&post=14205"}],"version-history":[{"count":1,"href":"https:\/\/baralivres.ma\/index.php?rest_route=\/wp\/v2\/product\/14205\/revisions"}],"predecessor-version":[{"id":14208,"href":"https:\/\/baralivres.ma\/index.php?rest_route=\/wp\/v2\/product\/14205\/revisions\/14208"}],"wp:featuredmedia":[{"embeddable":true,"href":"https:\/\/baralivres.ma\/index.php?rest_route=\/wp\/v2\/media\/14207"}],"wp:attachment":[{"href":"https:\/\/baralivres.ma\/index.php?rest_route=%2Fwp%2Fv2%2Fmedia&parent=14205"}],"wp:term":[{"taxonomy":"product_cat","embeddable":true,"href":"https:\/\/baralivres.ma\/index.php?rest_route=%2Fwp%2Fv2%2Fproduct_cat&post=14205"},{"taxonomy":"product_tag","embeddable":true,"href":"https:\/\/baralivres.ma\/index.php?rest_route=%2Fwp%2Fv2%2Fproduct_tag&post=14205"}],"curies":[{"name":"wp","href":"https:\/\/api.w.org\/{rel}","templated":true}]}}