{"id":14200,"date":"2023-10-25T17:38:18","date_gmt":"2023-10-25T16:38:18","guid":{"rendered":"https:\/\/baralivres.ma\/?post_type=product&#038;p=14200"},"modified":"2023-10-25T17:38:19","modified_gmt":"2023-10-25T16:38:19","slug":"a-quoi-revent-les-loups","status":"publish","type":"product","link":"https:\/\/baralivres.ma\/?product=a-quoi-revent-les-loups","title":{"rendered":"A quoi r\u00eavent les loups ?"},"content":{"rendered":"<p>\u00c0 la fin des ann\u00e9es 1980, \u00e0 Alger, un jeune homme a \u00e9t\u00e9 pouss\u00e9 \u00e0 commettre des actes impensables pour plusieurs raisons. Tout d&rsquo;abord, les islamistes qui recrutaient parmi une vaste population de jeunes vuln\u00e9rables ont r\u00e9ussi \u00e0 lui insuffler un sentiment de dessein dans sa vie. Ensuite, sa confusion mentale l&rsquo;a progressivement \u00e9loign\u00e9 de sa famille et de ses amis, lui faisant perdre tous ses rep\u00e8res. Enfin, la guerre civile f\u00e9roce opposant les militaires aux groupes arm\u00e9s islamistes a atteint des niveaux de violence inou\u00efs, ce qui a fait basculer cet individu vers l&rsquo;impensable, le poussant ainsi \u00e0 commettre des actes abominables.<\/p>\n","protected":false},"excerpt":{"rendered":"<p>\u00c0 Alger \u00e0 la fin des ann\u00e9es 1980, un jeune, influenc\u00e9 par les islamistes, perd ses rep\u00e8res et commet l&rsquo;impensable.<\/p>\n","protected":false},"featured_media":14201,"comment_status":"open","ping_status":"closed","template":"","meta":{"inline_featured_image":false},"product_cat":[204,143,178],"product_tag":[],"class_list":{"0":"post-14200","1":"product","2":"type-product","3":"status-publish","4":"has-post-thumbnail","6":"product_cat-francais","7":"product_cat-roman","8":"product_cat-contemporain","9":"pa_auteurs-yasmina-khadra","11":"first","12":"instock","13":"shipping-taxable","14":"purchasable","15":"product-type-simple"},"_links":{"self":[{"href":"https:\/\/baralivres.ma\/index.php?rest_route=\/wp\/v2\/product\/14200","targetHints":{"allow":["GET"]}}],"collection":[{"href":"https:\/\/baralivres.ma\/index.php?rest_route=\/wp\/v2\/product"}],"about":[{"href":"https:\/\/baralivres.ma\/index.php?rest_route=\/wp\/v2\/types\/product"}],"replies":[{"embeddable":true,"href":"https:\/\/baralivres.ma\/index.php?rest_route=%2Fwp%2Fv2%2Fcomments&post=14200"}],"version-history":[{"count":1,"href":"https:\/\/baralivres.ma\/index.php?rest_route=\/wp\/v2\/product\/14200\/revisions"}],"predecessor-version":[{"id":14202,"href":"https:\/\/baralivres.ma\/index.php?rest_route=\/wp\/v2\/product\/14200\/revisions\/14202"}],"wp:featuredmedia":[{"embeddable":true,"href":"https:\/\/baralivres.ma\/index.php?rest_route=\/wp\/v2\/media\/14201"}],"wp:attachment":[{"href":"https:\/\/baralivres.ma\/index.php?rest_route=%2Fwp%2Fv2%2Fmedia&parent=14200"}],"wp:term":[{"taxonomy":"product_cat","embeddable":true,"href":"https:\/\/baralivres.ma\/index.php?rest_route=%2Fwp%2Fv2%2Fproduct_cat&post=14200"},{"taxonomy":"product_tag","embeddable":true,"href":"https:\/\/baralivres.ma\/index.php?rest_route=%2Fwp%2Fv2%2Fproduct_tag&post=14200"}],"curies":[{"name":"wp","href":"https:\/\/api.w.org\/{rel}","templated":true}]}}