{"id":14197,"date":"2023-10-25T17:32:43","date_gmt":"2023-10-25T16:32:43","guid":{"rendered":"https:\/\/baralivres.ma\/?post_type=product&#038;p=14197"},"modified":"2024-11-28T16:30:02","modified_gmt":"2024-11-28T15:30:02","slug":"ce-vain-combat-que-tu-livres-au-monde","status":"publish","type":"product","link":"https:\/\/baralivres.ma\/?product=ce-vain-combat-que-tu-livres-au-monde","title":{"rendered":"Ce vain combat que tu livres au monde"},"content":{"rendered":"<p>Ali et Malika, un couple jeune et heureux, s&rsquo;\u00e9panouissent pleinement dans leur \u00e9poque. Ali, en tant qu&rsquo;ing\u00e9nieur informatique, et Malika, enseignante, pr\u00e9parent leur installation commune. Cependant, leur bonheur est perturb\u00e9 lorsque l&rsquo;entreprise d&rsquo;Ali, sous l&rsquo;influence de partenaires am\u00e9ricains, l&rsquo;\u00e9carte d&rsquo;un projet majeur. Choqu\u00e9 par cette forme manifeste de discrimination, Ali prend la d\u00e9cision cat\u00e9gorique de d\u00e9missionner. Ce choix marque le d\u00e9but d&rsquo;une s\u00e9rie d&rsquo;\u00e9v\u00e9nements d\u00e9vastateurs. Sous l&rsquo;influence d&rsquo;un cousin, Ali s&rsquo;engage dans une voie de radicalisation et se cr\u00e9e un combat personnel contre le monde, et m\u00eame contre la vie elle-m\u00eame.<\/p>\n","protected":false},"excerpt":{"rendered":"<p>Ali et Malika, couple heureux, perturb\u00e9 par la discrimination au travail d&rsquo;Ali, sombre dans la radicalisation.<\/p>\n","protected":false},"featured_media":14198,"comment_status":"open","ping_status":"closed","template":"","meta":{"inline_featured_image":false},"product_cat":[3873,143],"product_tag":[],"class_list":{"0":"post-14197","1":"product","2":"type-product","3":"status-publish","4":"has-post-thumbnail","6":"product_cat-roman-en-francais","7":"product_cat-roman","8":"pa_auteurs-fouad-laroui","10":"first","11":"instock","12":"shipping-taxable","13":"purchasable","14":"product-type-simple"},"_links":{"self":[{"href":"https:\/\/baralivres.ma\/index.php?rest_route=\/wp\/v2\/product\/14197","targetHints":{"allow":["GET"]}}],"collection":[{"href":"https:\/\/baralivres.ma\/index.php?rest_route=\/wp\/v2\/product"}],"about":[{"href":"https:\/\/baralivres.ma\/index.php?rest_route=\/wp\/v2\/types\/product"}],"replies":[{"embeddable":true,"href":"https:\/\/baralivres.ma\/index.php?rest_route=%2Fwp%2Fv2%2Fcomments&post=14197"}],"version-history":[{"count":1,"href":"https:\/\/baralivres.ma\/index.php?rest_route=\/wp\/v2\/product\/14197\/revisions"}],"predecessor-version":[{"id":14199,"href":"https:\/\/baralivres.ma\/index.php?rest_route=\/wp\/v2\/product\/14197\/revisions\/14199"}],"wp:featuredmedia":[{"embeddable":true,"href":"https:\/\/baralivres.ma\/index.php?rest_route=\/wp\/v2\/media\/14198"}],"wp:attachment":[{"href":"https:\/\/baralivres.ma\/index.php?rest_route=%2Fwp%2Fv2%2Fmedia&parent=14197"}],"wp:term":[{"taxonomy":"product_cat","embeddable":true,"href":"https:\/\/baralivres.ma\/index.php?rest_route=%2Fwp%2Fv2%2Fproduct_cat&post=14197"},{"taxonomy":"product_tag","embeddable":true,"href":"https:\/\/baralivres.ma\/index.php?rest_route=%2Fwp%2Fv2%2Fproduct_tag&post=14197"}],"curies":[{"name":"wp","href":"https:\/\/api.w.org\/{rel}","templated":true}]}}