{"id":14188,"date":"2023-10-25T17:28:29","date_gmt":"2023-10-25T16:28:29","guid":{"rendered":"https:\/\/baralivres.ma\/?post_type=product&#038;p=14188"},"modified":"2024-11-28T16:25:07","modified_gmt":"2024-11-28T15:25:07","slug":"letrange-cas-du-dr-jekyll-et-de-mr-hyde","status":"publish","type":"product","link":"https:\/\/baralivres.ma\/?product=letrange-cas-du-dr-jekyll-et-de-mr-hyde","title":{"rendered":"L&rsquo;Etrange cas du Dr Jekyll et de Mr Hyde"},"content":{"rendered":"<p>Dans le sombre quartier de Soho, le Dr. Jekyll, un m\u00e9decin bienveillant, se livre \u00e0 des exp\u00e9riences chimiques. Gr\u00e2ce \u00e0 une potion, il se transforme en Hyde, un \u00eatre mal\u00e9fique. Progressivement, la part sombre de Jekyll l&#8217;emporte, le conduisant \u00e0 sa perte. Stevenson explore la dualit\u00e9 de l&rsquo;\u00e2me humaine dans une histoire fantastique.<\/p>\n","protected":false},"excerpt":{"rendered":"<p>Dr. Jekyll, un m\u00e9decin, se transforme en M. Hyde, son c\u00f4t\u00e9 mal\u00e9fique, explorant la dualit\u00e9 humaine.<\/p>\n","protected":false},"featured_media":14194,"comment_status":"open","ping_status":"closed","template":"","meta":{"inline_featured_image":false},"product_cat":[4097,4096],"product_tag":[],"class_list":{"0":"post-14188","1":"product","2":"type-product","3":"status-publish","4":"has-post-thumbnail","6":"product_cat-francais-les_romans_classique","7":"product_cat-les_romans_classique","8":"pa_auteurs-stevenson-robert-louis","10":"first","11":"instock","12":"shipping-taxable","13":"purchasable","14":"product-type-simple"},"_links":{"self":[{"href":"https:\/\/baralivres.ma\/index.php?rest_route=\/wp\/v2\/product\/14188","targetHints":{"allow":["GET"]}}],"collection":[{"href":"https:\/\/baralivres.ma\/index.php?rest_route=\/wp\/v2\/product"}],"about":[{"href":"https:\/\/baralivres.ma\/index.php?rest_route=\/wp\/v2\/types\/product"}],"replies":[{"embeddable":true,"href":"https:\/\/baralivres.ma\/index.php?rest_route=%2Fwp%2Fv2%2Fcomments&post=14188"}],"version-history":[{"count":1,"href":"https:\/\/baralivres.ma\/index.php?rest_route=\/wp\/v2\/product\/14188\/revisions"}],"predecessor-version":[{"id":14195,"href":"https:\/\/baralivres.ma\/index.php?rest_route=\/wp\/v2\/product\/14188\/revisions\/14195"}],"wp:featuredmedia":[{"embeddable":true,"href":"https:\/\/baralivres.ma\/index.php?rest_route=\/wp\/v2\/media\/14194"}],"wp:attachment":[{"href":"https:\/\/baralivres.ma\/index.php?rest_route=%2Fwp%2Fv2%2Fmedia&parent=14188"}],"wp:term":[{"taxonomy":"product_cat","embeddable":true,"href":"https:\/\/baralivres.ma\/index.php?rest_route=%2Fwp%2Fv2%2Fproduct_cat&post=14188"},{"taxonomy":"product_tag","embeddable":true,"href":"https:\/\/baralivres.ma\/index.php?rest_route=%2Fwp%2Fv2%2Fproduct_tag&post=14188"}],"curies":[{"name":"wp","href":"https:\/\/api.w.org\/{rel}","templated":true}]}}