{"id":14185,"date":"2023-10-25T17:26:42","date_gmt":"2023-10-25T16:26:42","guid":{"rendered":"https:\/\/baralivres.ma\/?post_type=product&#038;p=14185"},"modified":"2023-10-25T17:26:42","modified_gmt":"2023-10-25T16:26:42","slug":"letrange-affaire-du-pantalon-de-dassoukine","status":"publish","type":"product","link":"https:\/\/baralivres.ma\/?product=letrange-affaire-du-pantalon-de-dassoukine","title":{"rendered":"L&rsquo;\u00e9trange affaire du pantalon de Dassoukine"},"content":{"rendered":"<p>Un haut fonctionnaire marocain, d\u00e9p\u00each\u00e9 \u00e0 Bruxelles, se trouve dans une situation des plus embarrassantes lorsque son unique pantalon dispara\u00eet subitement. Il se pr\u00e9sente donc devant la Commission europ\u00e9enne habill\u00e9 d&rsquo;une tenue qui rappelle davantage celle d&rsquo;un clown, de quoi susciter des \u00e9clats de rire irr\u00e9pressibles.<\/p>\n<p>De mani\u00e8re tout aussi cocasse, un jeune homme en train de faire une demande de passeport d\u00e9couvre que, selon l&rsquo;administration, son village natal n&rsquo;a tout simplement pas d&rsquo;existence officielle. Ainsi, du point de vue des autorit\u00e9s, il n&rsquo;est jamais n\u00e9, le rendant parfaitement inconnu et \u00e9trange. Tout cela se d\u00e9roule avec une dose d&rsquo;humour truculent et un rythme effr\u00e9n\u00e9, gr\u00e2ce \u00e0 l&rsquo;\u00e9criture de Fouad Laroui, nous plongeant dans une hilarit\u00e9 in\u00e9vitable face aux absurdit\u00e9s de la vie humaine.<\/p>\n","protected":false},"excerpt":{"rendered":"<p>Un fonctionnaire marocain perd son pantalon \u00e0 Bruxelles, tandis qu&rsquo;un jeune homme d\u00e9couvre que son village n&rsquo;existe pas. Humour absurde.<\/p>\n","protected":false},"featured_media":14189,"comment_status":"open","ping_status":"closed","template":"","meta":{"inline_featured_image":false},"product_cat":[204,143,178],"product_tag":[],"class_list":{"0":"post-14185","1":"product","2":"type-product","3":"status-publish","4":"has-post-thumbnail","6":"product_cat-francais","7":"product_cat-roman","8":"product_cat-contemporain","9":"pa_auteurs-fouad-laroui","11":"first","12":"instock","13":"shipping-taxable","14":"purchasable","15":"product-type-simple"},"_links":{"self":[{"href":"https:\/\/baralivres.ma\/index.php?rest_route=\/wp\/v2\/product\/14185","targetHints":{"allow":["GET"]}}],"collection":[{"href":"https:\/\/baralivres.ma\/index.php?rest_route=\/wp\/v2\/product"}],"about":[{"href":"https:\/\/baralivres.ma\/index.php?rest_route=\/wp\/v2\/types\/product"}],"replies":[{"embeddable":true,"href":"https:\/\/baralivres.ma\/index.php?rest_route=%2Fwp%2Fv2%2Fcomments&post=14185"}],"version-history":[{"count":1,"href":"https:\/\/baralivres.ma\/index.php?rest_route=\/wp\/v2\/product\/14185\/revisions"}],"predecessor-version":[{"id":14193,"href":"https:\/\/baralivres.ma\/index.php?rest_route=\/wp\/v2\/product\/14185\/revisions\/14193"}],"wp:featuredmedia":[{"embeddable":true,"href":"https:\/\/baralivres.ma\/index.php?rest_route=\/wp\/v2\/media\/14189"}],"wp:attachment":[{"href":"https:\/\/baralivres.ma\/index.php?rest_route=%2Fwp%2Fv2%2Fmedia&parent=14185"}],"wp:term":[{"taxonomy":"product_cat","embeddable":true,"href":"https:\/\/baralivres.ma\/index.php?rest_route=%2Fwp%2Fv2%2Fproduct_cat&post=14185"},{"taxonomy":"product_tag","embeddable":true,"href":"https:\/\/baralivres.ma\/index.php?rest_route=%2Fwp%2Fv2%2Fproduct_tag&post=14185"}],"curies":[{"name":"wp","href":"https:\/\/api.w.org\/{rel}","templated":true}]}}