{"id":14184,"date":"2023-10-25T17:24:02","date_gmt":"2023-10-25T16:24:02","guid":{"rendered":"https:\/\/baralivres.ma\/?post_type=product&#038;p=14184"},"modified":"2023-10-25T17:24:02","modified_gmt":"2023-10-25T16:24:02","slug":"de-tes-nouvelles","status":"publish","type":"product","link":"https:\/\/baralivres.ma\/?product=de-tes-nouvelles","title":{"rendered":"De tes nouvelles"},"content":{"rendered":"<p>Anna-Nina, une enfant vive, est le lien entre \u00c9ric, son p\u00e8re, et Valentine, qui les a accueillis lors d&rsquo;une nuit d&rsquo;orage et de d\u00e9sespoir. Alors que leurs craintes et douleurs s&rsquo;apaisent, une famille se forge progressivement, au fil des saisons. Cependant, un obstacle impr\u00e9vu pourrait menacer leur pr\u00e9cieux avenir.<\/p>\n","protected":false},"excerpt":{"rendered":"<p>Anna-Nina unit \u00c9ric et Valentine. Ensemble, ils b\u00e2tissent une famille, mais des d\u00e9fis inattendus surgissent.<\/p>\n","protected":false},"featured_media":14190,"comment_status":"open","ping_status":"closed","template":"","meta":{"inline_featured_image":false},"product_cat":[204,143,178],"product_tag":[],"class_list":{"0":"post-14184","1":"product","2":"type-product","3":"status-publish","4":"has-post-thumbnail","6":"product_cat-francais","7":"product_cat-roman","8":"product_cat-contemporain","9":"pa_auteurs-agnes-ledig","11":"first","12":"instock","13":"shipping-taxable","14":"purchasable","15":"product-type-simple"},"_links":{"self":[{"href":"https:\/\/baralivres.ma\/index.php?rest_route=\/wp\/v2\/product\/14184","targetHints":{"allow":["GET"]}}],"collection":[{"href":"https:\/\/baralivres.ma\/index.php?rest_route=\/wp\/v2\/product"}],"about":[{"href":"https:\/\/baralivres.ma\/index.php?rest_route=\/wp\/v2\/types\/product"}],"replies":[{"embeddable":true,"href":"https:\/\/baralivres.ma\/index.php?rest_route=%2Fwp%2Fv2%2Fcomments&post=14184"}],"version-history":[{"count":1,"href":"https:\/\/baralivres.ma\/index.php?rest_route=\/wp\/v2\/product\/14184\/revisions"}],"predecessor-version":[{"id":14191,"href":"https:\/\/baralivres.ma\/index.php?rest_route=\/wp\/v2\/product\/14184\/revisions\/14191"}],"wp:featuredmedia":[{"embeddable":true,"href":"https:\/\/baralivres.ma\/index.php?rest_route=\/wp\/v2\/media\/14190"}],"wp:attachment":[{"href":"https:\/\/baralivres.ma\/index.php?rest_route=%2Fwp%2Fv2%2Fmedia&parent=14184"}],"wp:term":[{"taxonomy":"product_cat","embeddable":true,"href":"https:\/\/baralivres.ma\/index.php?rest_route=%2Fwp%2Fv2%2Fproduct_cat&post=14184"},{"taxonomy":"product_tag","embeddable":true,"href":"https:\/\/baralivres.ma\/index.php?rest_route=%2Fwp%2Fv2%2Fproduct_tag&post=14184"}],"curies":[{"name":"wp","href":"https:\/\/api.w.org\/{rel}","templated":true}]}}