{"id":14183,"date":"2023-10-25T17:22:44","date_gmt":"2023-10-25T16:22:44","guid":{"rendered":"https:\/\/baralivres.ma\/?post_type=product&#038;p=14183"},"modified":"2024-11-28T16:25:35","modified_gmt":"2024-11-28T15:25:35","slug":"cyrano-de-bergerac","status":"publish","type":"product","link":"https:\/\/baralivres.ma\/?product=cyrano-de-bergerac","title":{"rendered":"Cyrano de Bergerac"},"content":{"rendered":"<p>La gloire d&rsquo;Edmond Rostand \u00e0 son \u00e9poque \u00e9tait incommensurable, notamment gr\u00e2ce \u00e0 ses vers \u00e9poustouflants de Cyrano. Cyrano, un h\u00e9ros romantique, est ador\u00e9 par tous pour sa profonde humanit\u00e9. Sa v\u00e9ritable essence est l&rsquo;intelligence et l&rsquo;esprit que Roxane aimait. Cyrano, le vengeur des humili\u00e9s, des timides et des rat\u00e9s de l&rsquo;amour, demeure dans nos c\u0153urs.<\/p>\n","protected":false},"excerpt":{"rendered":"<p>Cyrano, h\u00e9ros romantique adul\u00e9 pour son esprit, ses vers et son humanit\u00e9, reste une figure inoubliable.<\/p>\n","protected":false},"featured_media":14186,"comment_status":"open","ping_status":"closed","template":"","meta":{"inline_featured_image":false},"product_cat":[4097,4096],"product_tag":[],"class_list":{"0":"post-14183","1":"product","2":"type-product","3":"status-publish","4":"has-post-thumbnail","6":"product_cat-francais-les_romans_classique","7":"product_cat-les_romans_classique","8":"pa_auteurs-rostand-edmond","10":"first","11":"instock","12":"shipping-taxable","13":"purchasable","14":"product-type-simple"},"_links":{"self":[{"href":"https:\/\/baralivres.ma\/index.php?rest_route=\/wp\/v2\/product\/14183","targetHints":{"allow":["GET"]}}],"collection":[{"href":"https:\/\/baralivres.ma\/index.php?rest_route=\/wp\/v2\/product"}],"about":[{"href":"https:\/\/baralivres.ma\/index.php?rest_route=\/wp\/v2\/types\/product"}],"replies":[{"embeddable":true,"href":"https:\/\/baralivres.ma\/index.php?rest_route=%2Fwp%2Fv2%2Fcomments&post=14183"}],"version-history":[{"count":1,"href":"https:\/\/baralivres.ma\/index.php?rest_route=\/wp\/v2\/product\/14183\/revisions"}],"predecessor-version":[{"id":14187,"href":"https:\/\/baralivres.ma\/index.php?rest_route=\/wp\/v2\/product\/14183\/revisions\/14187"}],"wp:featuredmedia":[{"embeddable":true,"href":"https:\/\/baralivres.ma\/index.php?rest_route=\/wp\/v2\/media\/14186"}],"wp:attachment":[{"href":"https:\/\/baralivres.ma\/index.php?rest_route=%2Fwp%2Fv2%2Fmedia&parent=14183"}],"wp:term":[{"taxonomy":"product_cat","embeddable":true,"href":"https:\/\/baralivres.ma\/index.php?rest_route=%2Fwp%2Fv2%2Fproduct_cat&post=14183"},{"taxonomy":"product_tag","embeddable":true,"href":"https:\/\/baralivres.ma\/index.php?rest_route=%2Fwp%2Fv2%2Fproduct_tag&post=14183"}],"curies":[{"name":"wp","href":"https:\/\/api.w.org\/{rel}","templated":true}]}}