{"id":14180,"date":"2023-10-25T17:14:54","date_gmt":"2023-10-25T16:14:54","guid":{"rendered":"https:\/\/baralivres.ma\/?post_type=product&#038;p=14180"},"modified":"2024-11-28T16:26:00","modified_gmt":"2024-11-28T15:26:00","slug":"les-fleurs-du-mal","status":"publish","type":"product","link":"https:\/\/baralivres.ma\/?product=les-fleurs-du-mal","title":{"rendered":"Les Fleurs du mal"},"content":{"rendered":"<p>Dans ce livre intense, j&rsquo;ai vers\u00e9 mon \u00e2me, ma tendresse, ma foi, ma col\u00e8re.\u00a0\u00bb Rejet\u00e9 par le monde, Baudelaire explore l&rsquo;enfer et le mal. Sa vie faite d&rsquo;extase et d&rsquo;horreur inspire des po\u00e8mes qui transcendent le d\u00e9sespoir en beaut\u00e9. Il s&rsquo;\u00e9vade dans les paradis artificiels de la drogue, du vice et de la luxure. Les Fleurs du mal sont son journal intime, un cri m\u00eal\u00e9 de terreur et d&rsquo;extase, annon\u00e7ant la modernit\u00e9 litt\u00e9raire. Leur parfum et leur venin continuent de troubler les esprits.<\/p>\n","protected":false},"excerpt":{"rendered":"<p>Baudelaire, rejet\u00e9, explore l&rsquo;enfer et le mal dans \u00ab\u00a0Les Fleurs du mal\u00a0\u00bb, un cri entre terreur et extase.<\/p>\n","protected":false},"featured_media":14181,"comment_status":"open","ping_status":"closed","template":"","meta":{"inline_featured_image":false},"product_cat":[4097,4096],"product_tag":[],"class_list":{"0":"post-14180","1":"product","2":"type-product","3":"status-publish","4":"has-post-thumbnail","6":"product_cat-francais-les_romans_classique","7":"product_cat-les_romans_classique","8":"pa_auteurs-baudelaire-charles","10":"first","11":"instock","12":"shipping-taxable","13":"purchasable","14":"product-type-simple"},"_links":{"self":[{"href":"https:\/\/baralivres.ma\/index.php?rest_route=\/wp\/v2\/product\/14180","targetHints":{"allow":["GET"]}}],"collection":[{"href":"https:\/\/baralivres.ma\/index.php?rest_route=\/wp\/v2\/product"}],"about":[{"href":"https:\/\/baralivres.ma\/index.php?rest_route=\/wp\/v2\/types\/product"}],"replies":[{"embeddable":true,"href":"https:\/\/baralivres.ma\/index.php?rest_route=%2Fwp%2Fv2%2Fcomments&post=14180"}],"version-history":[{"count":1,"href":"https:\/\/baralivres.ma\/index.php?rest_route=\/wp\/v2\/product\/14180\/revisions"}],"predecessor-version":[{"id":14182,"href":"https:\/\/baralivres.ma\/index.php?rest_route=\/wp\/v2\/product\/14180\/revisions\/14182"}],"wp:featuredmedia":[{"embeddable":true,"href":"https:\/\/baralivres.ma\/index.php?rest_route=\/wp\/v2\/media\/14181"}],"wp:attachment":[{"href":"https:\/\/baralivres.ma\/index.php?rest_route=%2Fwp%2Fv2%2Fmedia&parent=14180"}],"wp:term":[{"taxonomy":"product_cat","embeddable":true,"href":"https:\/\/baralivres.ma\/index.php?rest_route=%2Fwp%2Fv2%2Fproduct_cat&post=14180"},{"taxonomy":"product_tag","embeddable":true,"href":"https:\/\/baralivres.ma\/index.php?rest_route=%2Fwp%2Fv2%2Fproduct_tag&post=14180"}],"curies":[{"name":"wp","href":"https:\/\/api.w.org\/{rel}","templated":true}]}}