{"id":14174,"date":"2023-10-25T16:43:22","date_gmt":"2023-10-25T15:43:22","guid":{"rendered":"https:\/\/baralivres.ma\/?post_type=product&#038;p=14174"},"modified":"2024-11-28T16:27:27","modified_gmt":"2024-11-28T15:27:27","slug":"le-jeu-de-lamour-et-du-hasard","status":"publish","type":"product","link":"https:\/\/baralivres.ma\/?product=le-jeu-de-lamour-et-du-hasard","title":{"rendered":"Le jeu de l&rsquo;amour et du hasard"},"content":{"rendered":"<p>Le charme de Marivaux r\u00e9side dans son m\u00e9lange unique de cruaut\u00e9 et de gr\u00e2ce, de tristesse et de gaiet\u00e9. Contrairement \u00e0 ce que sugg\u00e8re le terme \u00ab\u00a0marivaudage,\u00a0\u00bb ses pi\u00e8ces ne sont pas de simples badinages amoureux. Au contraire, elles offrent un regard pr\u00e9cis et r\u00e9aliste sur les m\u00e9andres du c\u0153ur humain et de l&rsquo;amour, explorant les complexit\u00e9s des \u00e9motions, des malentendus et des ruses amoureuses. Dans cette com\u00e9die, Silvia teste la sinc\u00e9rit\u00e9 de son fianc\u00e9 Dorante en se faisant passer pour sa servante Lisette, tandis que Dorante fait de m\u00eame avec son valet Arlequin. L&rsquo;amour est mis \u00e0 l&rsquo;\u00e9preuve de la m\u00e9fiance, des conventions sociales, de la timidit\u00e9, de l&rsquo;h\u00e9sitation, et des \u00e9motions, m\u00ealant sourires et larmes.<\/p>\n","protected":false},"excerpt":{"rendered":"<p>Marivaux explore le jeu des sentiments et des identit\u00e9s amoureuses dans une com\u00e9die o\u00f9 l&rsquo;amour se d\u00e9voile.<\/p>\n","protected":false},"featured_media":14175,"comment_status":"open","ping_status":"closed","template":"","meta":{"inline_featured_image":false},"product_cat":[4097,4096],"product_tag":[],"class_list":{"0":"post-14174","1":"product","2":"type-product","3":"status-publish","4":"has-post-thumbnail","6":"product_cat-francais-les_romans_classique","7":"product_cat-les_romans_classique","8":"pa_auteurs-marivaux","10":"first","11":"instock","12":"shipping-taxable","13":"purchasable","14":"product-type-simple"},"_links":{"self":[{"href":"https:\/\/baralivres.ma\/index.php?rest_route=\/wp\/v2\/product\/14174","targetHints":{"allow":["GET"]}}],"collection":[{"href":"https:\/\/baralivres.ma\/index.php?rest_route=\/wp\/v2\/product"}],"about":[{"href":"https:\/\/baralivres.ma\/index.php?rest_route=\/wp\/v2\/types\/product"}],"replies":[{"embeddable":true,"href":"https:\/\/baralivres.ma\/index.php?rest_route=%2Fwp%2Fv2%2Fcomments&post=14174"}],"version-history":[{"count":1,"href":"https:\/\/baralivres.ma\/index.php?rest_route=\/wp\/v2\/product\/14174\/revisions"}],"predecessor-version":[{"id":14176,"href":"https:\/\/baralivres.ma\/index.php?rest_route=\/wp\/v2\/product\/14174\/revisions\/14176"}],"wp:featuredmedia":[{"embeddable":true,"href":"https:\/\/baralivres.ma\/index.php?rest_route=\/wp\/v2\/media\/14175"}],"wp:attachment":[{"href":"https:\/\/baralivres.ma\/index.php?rest_route=%2Fwp%2Fv2%2Fmedia&parent=14174"}],"wp:term":[{"taxonomy":"product_cat","embeddable":true,"href":"https:\/\/baralivres.ma\/index.php?rest_route=%2Fwp%2Fv2%2Fproduct_cat&post=14174"},{"taxonomy":"product_tag","embeddable":true,"href":"https:\/\/baralivres.ma\/index.php?rest_route=%2Fwp%2Fv2%2Fproduct_tag&post=14174"}],"curies":[{"name":"wp","href":"https:\/\/api.w.org\/{rel}","templated":true}]}}