{"id":14164,"date":"2023-10-25T16:31:25","date_gmt":"2023-10-25T15:31:25","guid":{"rendered":"https:\/\/baralivres.ma\/?post_type=product&#038;p=14164"},"modified":"2024-11-28T16:28:35","modified_gmt":"2024-11-28T15:28:35","slug":"linsoumise-de-la-porte-de-flandre","status":"publish","type":"product","link":"https:\/\/baralivres.ma\/?product=linsoumise-de-la-porte-de-flandre","title":{"rendered":"L&rsquo;Insoumise de la Porte de Flandre"},"content":{"rendered":"<p>Un apr\u00e8s-midi \u00e0 Molenbeek, une femme \u00e9merge de sa maison, envelopp\u00e9e de la t\u00eate aux pieds dans un v\u00eatement sombre. Son visage est dissimul\u00e9 sous un hijab, et elle avance incognito. Nous la suivons alors qu&rsquo;elle se dirige vers le canal, en passant par la Porte de Flandre. Plus tard, \u00e0 Bruxelles, elle r\u00e9appara\u00eet transform\u00e9e, avec les cheveux d\u00e9nou\u00e9s et une robe l\u00e9g\u00e8re. Nous continuons \u00e0 la suivre, et elle nous conduit finalement dans un club \u00e9rotique, o\u00f9 chaque jour elle danse de mani\u00e8re d\u00e9complex\u00e9e, exhibant son corps pour d\u00e9fendre la cause de ses s\u0153urs. Elle incarne la r\u00e9bellion, une femme insoumise nomm\u00e9e Fatima.<\/p>\n<p>Cependant, nous ne sommes pas les seuls \u00e0 la suivre. Fawzi, son voisin \u00e9pris d&rsquo;elle, et Eddy, le journaliste, la traquent \u00e9galement. Ce jour-l\u00e0, la qu\u00eate de libert\u00e9 devient le point de d\u00e9part d&rsquo;un malentendu tragique.<\/p>\n","protected":false},"excerpt":{"rendered":"<p>Une femme \u00e0 Molenbeek cherche la libert\u00e9, mais est suivie par un voisin et un journaliste.<\/p>\n","protected":false},"featured_media":14170,"comment_status":"open","ping_status":"closed","template":"","meta":{"inline_featured_image":false},"product_cat":[3873,143],"product_tag":[],"class_list":{"0":"post-14164","1":"product","2":"type-product","3":"status-publish","4":"has-post-thumbnail","6":"product_cat-roman-en-francais","7":"product_cat-roman","8":"pa_auteurs-fouad-laroui","10":"first","11":"instock","12":"shipping-taxable","13":"purchasable","14":"product-type-simple"},"_links":{"self":[{"href":"https:\/\/baralivres.ma\/index.php?rest_route=\/wp\/v2\/product\/14164","targetHints":{"allow":["GET"]}}],"collection":[{"href":"https:\/\/baralivres.ma\/index.php?rest_route=\/wp\/v2\/product"}],"about":[{"href":"https:\/\/baralivres.ma\/index.php?rest_route=\/wp\/v2\/types\/product"}],"replies":[{"embeddable":true,"href":"https:\/\/baralivres.ma\/index.php?rest_route=%2Fwp%2Fv2%2Fcomments&post=14164"}],"version-history":[{"count":1,"href":"https:\/\/baralivres.ma\/index.php?rest_route=\/wp\/v2\/product\/14164\/revisions"}],"predecessor-version":[{"id":14171,"href":"https:\/\/baralivres.ma\/index.php?rest_route=\/wp\/v2\/product\/14164\/revisions\/14171"}],"wp:featuredmedia":[{"embeddable":true,"href":"https:\/\/baralivres.ma\/index.php?rest_route=\/wp\/v2\/media\/14170"}],"wp:attachment":[{"href":"https:\/\/baralivres.ma\/index.php?rest_route=%2Fwp%2Fv2%2Fmedia&parent=14164"}],"wp:term":[{"taxonomy":"product_cat","embeddable":true,"href":"https:\/\/baralivres.ma\/index.php?rest_route=%2Fwp%2Fv2%2Fproduct_cat&post=14164"},{"taxonomy":"product_tag","embeddable":true,"href":"https:\/\/baralivres.ma\/index.php?rest_route=%2Fwp%2Fv2%2Fproduct_tag&post=14164"}],"curies":[{"name":"wp","href":"https:\/\/api.w.org\/{rel}","templated":true}]}}