{"id":14155,"date":"2023-10-25T16:20:49","date_gmt":"2023-10-25T15:20:49","guid":{"rendered":"https:\/\/baralivres.ma\/?post_type=product&#038;p=14155"},"modified":"2023-10-25T16:20:50","modified_gmt":"2023-10-25T15:20:50","slug":"la-toute-petite-reine","status":"publish","type":"product","link":"https:\/\/baralivres.ma\/?product=la-toute-petite-reine","title":{"rendered":"La toute petite reine"},"content":{"rendered":"<p>Un matin, Adrien, ma\u00eetre-chien, r\u00e9pond \u00e0 un appel pour un colis suspect \u00e0 la gare de Strasbourg. Son chien, Bloom, d\u00e9tecte que les larmes de Capucine, venue chercher sa valise oubli\u00e9e, cachent un drame personnel. Le destin r\u00e9unit Adrien et Capucine dans une salle d&rsquo;attente de psychiatres quelques jours plus tard. D\u00e8s lors, Adrien s&rsquo;engage \u00e0 percer le myst\u00e8re de la vie de Capucine, et leur rencontre pourrait bien changer le cours de leurs vies, les aidant \u00e0 apaiser leur pass\u00e9 pour envisager un avenir diff\u00e9rent.<\/p>\n","protected":false},"excerpt":{"rendered":"<p>Adrien, ma\u00eetre-chien, rencontre Capucine lors d&rsquo;un incident \u00e0 la gare, liant leur destin et pass\u00e9s.<\/p>\n","protected":false},"featured_media":14158,"comment_status":"open","ping_status":"closed","template":"","meta":{"inline_featured_image":false},"product_cat":[204,143],"product_tag":[],"class_list":{"0":"post-14155","1":"product","2":"type-product","3":"status-publish","4":"has-post-thumbnail","6":"product_cat-francais","7":"product_cat-roman","8":"pa_auteurs-agnes-ledig","10":"first","11":"instock","12":"shipping-taxable","13":"purchasable","14":"product-type-simple"},"_links":{"self":[{"href":"https:\/\/baralivres.ma\/index.php?rest_route=\/wp\/v2\/product\/14155","targetHints":{"allow":["GET"]}}],"collection":[{"href":"https:\/\/baralivres.ma\/index.php?rest_route=\/wp\/v2\/product"}],"about":[{"href":"https:\/\/baralivres.ma\/index.php?rest_route=\/wp\/v2\/types\/product"}],"replies":[{"embeddable":true,"href":"https:\/\/baralivres.ma\/index.php?rest_route=%2Fwp%2Fv2%2Fcomments&post=14155"}],"version-history":[{"count":1,"href":"https:\/\/baralivres.ma\/index.php?rest_route=\/wp\/v2\/product\/14155\/revisions"}],"predecessor-version":[{"id":14159,"href":"https:\/\/baralivres.ma\/index.php?rest_route=\/wp\/v2\/product\/14155\/revisions\/14159"}],"wp:featuredmedia":[{"embeddable":true,"href":"https:\/\/baralivres.ma\/index.php?rest_route=\/wp\/v2\/media\/14158"}],"wp:attachment":[{"href":"https:\/\/baralivres.ma\/index.php?rest_route=%2Fwp%2Fv2%2Fmedia&parent=14155"}],"wp:term":[{"taxonomy":"product_cat","embeddable":true,"href":"https:\/\/baralivres.ma\/index.php?rest_route=%2Fwp%2Fv2%2Fproduct_cat&post=14155"},{"taxonomy":"product_tag","embeddable":true,"href":"https:\/\/baralivres.ma\/index.php?rest_route=%2Fwp%2Fv2%2Fproduct_tag&post=14155"}],"curies":[{"name":"wp","href":"https:\/\/api.w.org\/{rel}","templated":true}]}}