{"id":14143,"date":"2023-10-25T16:25:24","date_gmt":"2023-10-25T15:25:24","guid":{"rendered":"https:\/\/baralivres.ma\/?post_type=product&#038;p=14143"},"modified":"2024-11-28T16:29:21","modified_gmt":"2024-11-28T15:29:21","slug":"les-tribulations-du-dernier-sijilmassi","status":"publish","type":"product","link":"https:\/\/baralivres.ma\/?product=les-tribulations-du-dernier-sijilmassi","title":{"rendered":"Les Tribulations du dernier Sijilmassi"},"content":{"rendered":"<p>\u00c0 une altitude de 30 000 pieds au-dessus de la mer d&rsquo;Andaman, un lundi, Adam Sijilmassi se perd dans une profonde introspection. Il se demande pourquoi il est si haut, pourquoi il se d\u00e9place si rapidement, et quelle est la raison de sa pr\u00e9sence ici. Il ressent comme si sa vie appartient \u00e0 quelqu&rsquo;un d&rsquo;autre. Quels liens unissent cet ing\u00e9nieur occidentalis\u00e9, passionn\u00e9 de Voltaire et de Rousseau, \u00e0 ses anc\u00eatres fiers qui \u00e9taient des \u00e9leveurs de pur-sang ? Sa vie vient de subir une transformation majeure en l&rsquo;espace d&rsquo;une minute, mais il se demande comment retrouver ses racines sans se perdre lui-m\u00eame.<\/p>\n","protected":false},"excerpt":{"rendered":"<p>En plein vol, Adam Sijilmassi questionne son identit\u00e9, entre ing\u00e9nieur occidental et h\u00e9ritage familial asiatique.<\/p>\n","protected":false},"featured_media":14162,"comment_status":"open","ping_status":"closed","template":"","meta":{"inline_featured_image":false},"product_cat":[3873,143],"product_tag":[],"class_list":{"0":"post-14143","1":"product","2":"type-product","3":"status-publish","4":"has-post-thumbnail","6":"product_cat-roman-en-francais","7":"product_cat-roman","8":"pa_auteurs-fouad-laroui","10":"first","11":"instock","12":"shipping-taxable","13":"purchasable","14":"product-type-simple"},"_links":{"self":[{"href":"https:\/\/baralivres.ma\/index.php?rest_route=\/wp\/v2\/product\/14143","targetHints":{"allow":["GET"]}}],"collection":[{"href":"https:\/\/baralivres.ma\/index.php?rest_route=\/wp\/v2\/product"}],"about":[{"href":"https:\/\/baralivres.ma\/index.php?rest_route=\/wp\/v2\/types\/product"}],"replies":[{"embeddable":true,"href":"https:\/\/baralivres.ma\/index.php?rest_route=%2Fwp%2Fv2%2Fcomments&post=14143"}],"version-history":[{"count":1,"href":"https:\/\/baralivres.ma\/index.php?rest_route=\/wp\/v2\/product\/14143\/revisions"}],"predecessor-version":[{"id":14163,"href":"https:\/\/baralivres.ma\/index.php?rest_route=\/wp\/v2\/product\/14143\/revisions\/14163"}],"wp:featuredmedia":[{"embeddable":true,"href":"https:\/\/baralivres.ma\/index.php?rest_route=\/wp\/v2\/media\/14162"}],"wp:attachment":[{"href":"https:\/\/baralivres.ma\/index.php?rest_route=%2Fwp%2Fv2%2Fmedia&parent=14143"}],"wp:term":[{"taxonomy":"product_cat","embeddable":true,"href":"https:\/\/baralivres.ma\/index.php?rest_route=%2Fwp%2Fv2%2Fproduct_cat&post=14143"},{"taxonomy":"product_tag","embeddable":true,"href":"https:\/\/baralivres.ma\/index.php?rest_route=%2Fwp%2Fv2%2Fproduct_tag&post=14143"}],"curies":[{"name":"wp","href":"https:\/\/api.w.org\/{rel}","templated":true}]}}