{"id":14139,"date":"2023-10-25T16:06:58","date_gmt":"2023-10-25T15:06:58","guid":{"rendered":"https:\/\/baralivres.ma\/?post_type=product&#038;p=14139"},"modified":"2024-11-28T16:01:46","modified_gmt":"2024-11-28T15:01:46","slug":"la-venus-dille-suivie","status":"publish","type":"product","link":"https:\/\/baralivres.ma\/?product=la-venus-dille-suivie","title":{"rendered":"La V\u00e9nus d&rsquo;Ille suivie"},"content":{"rendered":"<p>En 1857, M\u00e9rim\u00e9e confie \u00e0 une amie son \u0153uvre, \u00ab\u00a0La V\u00e9nus d&rsquo;Ille\u00a0\u00bb, une histoire de revenants qu&rsquo;il consid\u00e8re comme son chef-d&rsquo;\u0153uvre. Il cr\u00e9e cette V\u00e9nus de bronze au regard magn\u00e9tique, m\u00ealant l\u00e9gendes m\u00e9di\u00e9vales et souvenirs de ses voyages arch\u00e9ologiques en Roussillon. Le jour de son mariage, un jeune homme, n\u00e9gligent et ivre, place la bague de fian\u00e7ailles de sa promise \u00e0 l&rsquo;annulaire de la statue. Le lendemain, il est d\u00e9couvert mort, terrifi\u00e9. De l&rsquo;\u00e9trange au merveilleux, du bizarre au fantastique, comment cette statue sinistre nous plonge dans son myst\u00e8re demeurera \u00e0 jamais inexpliqu\u00e9. C&rsquo;est l&rsquo;art glacial de M\u00e9rim\u00e9e, son style ironique et parfaitement imperceptible qui op\u00e8re la magie.<\/p>\n","protected":false},"excerpt":{"rendered":"<p>Un homme marie accidentellement une bague \u00e0 une statue, d\u00e9clenchant une s\u00e9rie d&rsquo;\u00e9v\u00e9nements surnaturels terrifiants.<\/p>\n","protected":false},"featured_media":14144,"comment_status":"open","ping_status":"closed","template":"","meta":{"inline_featured_image":false},"product_cat":[4097,4096],"product_tag":[],"class_list":{"0":"post-14139","1":"product","2":"type-product","3":"status-publish","4":"has-post-thumbnail","6":"product_cat-francais-les_romans_classique","7":"product_cat-les_romans_classique","8":"pa_auteurs-merimee-prosper","10":"first","11":"instock","12":"shipping-taxable","13":"purchasable","14":"product-type-simple"},"_links":{"self":[{"href":"https:\/\/baralivres.ma\/index.php?rest_route=\/wp\/v2\/product\/14139","targetHints":{"allow":["GET"]}}],"collection":[{"href":"https:\/\/baralivres.ma\/index.php?rest_route=\/wp\/v2\/product"}],"about":[{"href":"https:\/\/baralivres.ma\/index.php?rest_route=\/wp\/v2\/types\/product"}],"replies":[{"embeddable":true,"href":"https:\/\/baralivres.ma\/index.php?rest_route=%2Fwp%2Fv2%2Fcomments&post=14139"}],"version-history":[{"count":1,"href":"https:\/\/baralivres.ma\/index.php?rest_route=\/wp\/v2\/product\/14139\/revisions"}],"predecessor-version":[{"id":14145,"href":"https:\/\/baralivres.ma\/index.php?rest_route=\/wp\/v2\/product\/14139\/revisions\/14145"}],"wp:featuredmedia":[{"embeddable":true,"href":"https:\/\/baralivres.ma\/index.php?rest_route=\/wp\/v2\/media\/14144"}],"wp:attachment":[{"href":"https:\/\/baralivres.ma\/index.php?rest_route=%2Fwp%2Fv2%2Fmedia&parent=14139"}],"wp:term":[{"taxonomy":"product_cat","embeddable":true,"href":"https:\/\/baralivres.ma\/index.php?rest_route=%2Fwp%2Fv2%2Fproduct_cat&post=14139"},{"taxonomy":"product_tag","embeddable":true,"href":"https:\/\/baralivres.ma\/index.php?rest_route=%2Fwp%2Fv2%2Fproduct_tag&post=14139"}],"curies":[{"name":"wp","href":"https:\/\/api.w.org\/{rel}","templated":true}]}}