{"id":14136,"date":"2023-10-25T16:04:08","date_gmt":"2023-10-25T15:04:08","guid":{"rendered":"https:\/\/baralivres.ma\/?post_type=product&#038;p=14136"},"modified":"2024-11-28T16:02:08","modified_gmt":"2024-11-28T15:02:08","slug":"la-vieille-dame-du-riad","status":"publish","type":"product","link":"https:\/\/baralivres.ma\/?product=la-vieille-dame-du-riad","title":{"rendered":"La vieille dame du riad"},"content":{"rendered":"<p>Fran\u00e7ois et C\u00e9cile sont \u00e9perdument amoureux l&rsquo;un de l&rsquo;autre, mais Fran\u00e7ois ressent une certaine lassitude. Il passe tellement de temps \u00e0 r\u00eaver devant la t\u00e9l\u00e9vision que des id\u00e9es d&rsquo;aventures lui viennent \u00e0 l&rsquo;esprit, bien que C\u00e9cile ne partage pas n\u00e9cessairement ses aspirations. Un ranch dans le Montana ? Hors de question. Une pagode en Tha\u00eflande ? Plut\u00f4t mourir. Un riad \u00e0 Marrakech ? C&rsquo;est le coup de c\u0153ur !<\/p>\n<p>Les deux amoureux parisiens sont tout aussi \u00e9tonn\u00e9s l&rsquo;un que l&rsquo;autre de leur audace lorsqu&rsquo;ils deviennent propri\u00e9taires d&rsquo;une vieille maison au c\u0153ur de la ville rouge. Leur pari est-il couronn\u00e9 de succ\u00e8s ? Il leur faudra d&rsquo;abord r\u00e9soudre le probl\u00e8me de la vieille dame qui s&rsquo;est install\u00e9e chez eux&#8230;<\/p>\n","protected":false},"excerpt":{"rendered":"<p>Fran\u00e7ois et C\u00e9cile, insatisfaits de leur routine, ach\u00e8tent un riad \u00e0 Marrakech, mais doivent expulser une vieille locataire.<\/p>\n","protected":false},"featured_media":14140,"comment_status":"open","ping_status":"closed","template":"","meta":{"inline_featured_image":false},"product_cat":[3873,143],"product_tag":[],"class_list":{"0":"post-14136","1":"product","2":"type-product","3":"status-publish","4":"has-post-thumbnail","6":"product_cat-roman-en-francais","7":"product_cat-roman","8":"pa_auteurs-fouad-laroui","10":"first","11":"instock","12":"shipping-taxable","13":"purchasable","14":"product-type-simple"},"_links":{"self":[{"href":"https:\/\/baralivres.ma\/index.php?rest_route=\/wp\/v2\/product\/14136","targetHints":{"allow":["GET"]}}],"collection":[{"href":"https:\/\/baralivres.ma\/index.php?rest_route=\/wp\/v2\/product"}],"about":[{"href":"https:\/\/baralivres.ma\/index.php?rest_route=\/wp\/v2\/types\/product"}],"replies":[{"embeddable":true,"href":"https:\/\/baralivres.ma\/index.php?rest_route=%2Fwp%2Fv2%2Fcomments&post=14136"}],"version-history":[{"count":2,"href":"https:\/\/baralivres.ma\/index.php?rest_route=\/wp\/v2\/product\/14136\/revisions"}],"predecessor-version":[{"id":14142,"href":"https:\/\/baralivres.ma\/index.php?rest_route=\/wp\/v2\/product\/14136\/revisions\/14142"}],"wp:featuredmedia":[{"embeddable":true,"href":"https:\/\/baralivres.ma\/index.php?rest_route=\/wp\/v2\/media\/14140"}],"wp:attachment":[{"href":"https:\/\/baralivres.ma\/index.php?rest_route=%2Fwp%2Fv2%2Fmedia&parent=14136"}],"wp:term":[{"taxonomy":"product_cat","embeddable":true,"href":"https:\/\/baralivres.ma\/index.php?rest_route=%2Fwp%2Fv2%2Fproduct_cat&post=14136"},{"taxonomy":"product_tag","embeddable":true,"href":"https:\/\/baralivres.ma\/index.php?rest_route=%2Fwp%2Fv2%2Fproduct_tag&post=14136"}],"curies":[{"name":"wp","href":"https:\/\/api.w.org\/{rel}","templated":true}]}}