{"id":14131,"date":"2023-10-25T16:02:13","date_gmt":"2023-10-25T15:02:13","guid":{"rendered":"https:\/\/baralivres.ma\/?post_type=product&#038;p=14131"},"modified":"2024-11-28T16:02:39","modified_gmt":"2024-11-28T15:02:39","slug":"le-barbier-de-seville","status":"publish","type":"product","link":"https:\/\/baralivres.ma\/?product=le-barbier-de-seville","title":{"rendered":"Le Barbier de S\u00e9ville"},"content":{"rendered":"<p>Dans \u00ab\u00a0Le Barbier de S\u00e9ville\u00a0\u00bb, Bartholo, un vieux tuteur amoureux et jaloux, souhaite \u00e9pouser sa pupille Rosine. Cependant, le comte Almaviva, un jeune amant, s&rsquo;introduit dans l&rsquo;histoire pour la courtiser, aid\u00e9 par Figaro, un valet rus\u00e9. Le vieux tuteur se r\u00e9v\u00e8le difficile \u00e0 tromper.<\/p>\n<p>Figaro fait son entr\u00e9e sur la sc\u00e8ne fran\u00e7aise avec charme et vivacit\u00e9, marquant ainsi le d\u00e9but d&rsquo;une longue histoire avec le public. En tant que barbier, musicien, et amuseur, il est aim\u00e9 des femmes et craint par les hommes, dot\u00e9 d&rsquo;un esprit vif et sceptique. Beaumarchais, avec Figaro, cr\u00e9e un personnage embl\u00e9matique de l&rsquo;esprit et de la libert\u00e9, qui a profond\u00e9ment marqu\u00e9 la culture nationale.<\/p>\n","protected":false},"excerpt":{"rendered":"<p>Dans \u00ab\u00a0Le Barbier de S\u00e9ville\u00a0\u00bb, le rus\u00e9 Figaro aide le comte Almaviva \u00e0 courtiser Rosine, contournant un vieux tuteur.<\/p>\n","protected":false},"featured_media":14137,"comment_status":"open","ping_status":"closed","template":"","meta":{"inline_featured_image":false},"product_cat":[4097,4096],"product_tag":[],"class_list":{"0":"post-14131","1":"product","2":"type-product","3":"status-publish","4":"has-post-thumbnail","6":"product_cat-francais-les_romans_classique","7":"product_cat-les_romans_classique","8":"pa_auteurs-beaumarchais","10":"first","11":"instock","12":"shipping-taxable","13":"purchasable","14":"product-type-simple"},"_links":{"self":[{"href":"https:\/\/baralivres.ma\/index.php?rest_route=\/wp\/v2\/product\/14131","targetHints":{"allow":["GET"]}}],"collection":[{"href":"https:\/\/baralivres.ma\/index.php?rest_route=\/wp\/v2\/product"}],"about":[{"href":"https:\/\/baralivres.ma\/index.php?rest_route=\/wp\/v2\/types\/product"}],"replies":[{"embeddable":true,"href":"https:\/\/baralivres.ma\/index.php?rest_route=%2Fwp%2Fv2%2Fcomments&post=14131"}],"version-history":[{"count":1,"href":"https:\/\/baralivres.ma\/index.php?rest_route=\/wp\/v2\/product\/14131\/revisions"}],"predecessor-version":[{"id":14138,"href":"https:\/\/baralivres.ma\/index.php?rest_route=\/wp\/v2\/product\/14131\/revisions\/14138"}],"wp:featuredmedia":[{"embeddable":true,"href":"https:\/\/baralivres.ma\/index.php?rest_route=\/wp\/v2\/media\/14137"}],"wp:attachment":[{"href":"https:\/\/baralivres.ma\/index.php?rest_route=%2Fwp%2Fv2%2Fmedia&parent=14131"}],"wp:term":[{"taxonomy":"product_cat","embeddable":true,"href":"https:\/\/baralivres.ma\/index.php?rest_route=%2Fwp%2Fv2%2Fproduct_cat&post=14131"},{"taxonomy":"product_tag","embeddable":true,"href":"https:\/\/baralivres.ma\/index.php?rest_route=%2Fwp%2Fv2%2Fproduct_tag&post=14131"}],"curies":[{"name":"wp","href":"https:\/\/api.w.org\/{rel}","templated":true}]}}