{"id":14121,"date":"2023-10-25T15:54:01","date_gmt":"2023-10-25T14:54:01","guid":{"rendered":"https:\/\/baralivres.ma\/?post_type=product&#038;p=14121"},"modified":"2023-10-25T15:54:02","modified_gmt":"2023-10-25T14:54:02","slug":"on-regrettera-plus-tard","status":"publish","type":"product","link":"https:\/\/baralivres.ma\/?product=on-regrettera-plus-tard","title":{"rendered":"On regrettera plus tard"},"content":{"rendered":"<p>Valentine, l&rsquo;institutrice, d\u00e9couvre un homme tremp\u00e9 et une fillette fi\u00e9vreuse lors d&rsquo;une nuit d&rsquo;orage. Elle leur offre spontan\u00e9ment son aide, et \u00c9ric et Anna-Nina, sa fille de 7 ans, s&rsquo;installent chez elle le temps que l&rsquo;enfant se r\u00e9tablisse. La vie prend un nouveau tournant impr\u00e9visible pour eux.<\/p>\n","protected":false},"excerpt":{"rendered":"<p>Valentine offre son aide \u00e0 un homme et une fillette lors d&rsquo;un orage estival, changeant leurs destins.<\/p>\n","protected":false},"featured_media":14124,"comment_status":"open","ping_status":"closed","template":"","meta":{"inline_featured_image":false},"product_cat":[204,143],"product_tag":[],"class_list":{"0":"post-14121","1":"product","2":"type-product","3":"status-publish","4":"has-post-thumbnail","6":"product_cat-francais","7":"product_cat-roman","8":"pa_auteurs-agnes-ledig","10":"first","11":"instock","12":"shipping-taxable","13":"purchasable","14":"product-type-simple"},"_links":{"self":[{"href":"https:\/\/baralivres.ma\/index.php?rest_route=\/wp\/v2\/product\/14121","targetHints":{"allow":["GET"]}}],"collection":[{"href":"https:\/\/baralivres.ma\/index.php?rest_route=\/wp\/v2\/product"}],"about":[{"href":"https:\/\/baralivres.ma\/index.php?rest_route=\/wp\/v2\/types\/product"}],"replies":[{"embeddable":true,"href":"https:\/\/baralivres.ma\/index.php?rest_route=%2Fwp%2Fv2%2Fcomments&post=14121"}],"version-history":[{"count":1,"href":"https:\/\/baralivres.ma\/index.php?rest_route=\/wp\/v2\/product\/14121\/revisions"}],"predecessor-version":[{"id":14125,"href":"https:\/\/baralivres.ma\/index.php?rest_route=\/wp\/v2\/product\/14121\/revisions\/14125"}],"wp:featuredmedia":[{"embeddable":true,"href":"https:\/\/baralivres.ma\/index.php?rest_route=\/wp\/v2\/media\/14124"}],"wp:attachment":[{"href":"https:\/\/baralivres.ma\/index.php?rest_route=%2Fwp%2Fv2%2Fmedia&parent=14121"}],"wp:term":[{"taxonomy":"product_cat","embeddable":true,"href":"https:\/\/baralivres.ma\/index.php?rest_route=%2Fwp%2Fv2%2Fproduct_cat&post=14121"},{"taxonomy":"product_tag","embeddable":true,"href":"https:\/\/baralivres.ma\/index.php?rest_route=%2Fwp%2Fv2%2Fproduct_tag&post=14121"}],"curies":[{"name":"wp","href":"https:\/\/api.w.org\/{rel}","templated":true}]}}