{"id":14112,"date":"2023-10-25T15:46:51","date_gmt":"2023-10-25T14:46:51","guid":{"rendered":"https:\/\/baralivres.ma\/?post_type=product&#038;p=14112"},"modified":"2023-10-25T15:46:51","modified_gmt":"2023-10-25T14:46:51","slug":"juste-avant-le-bonheur","status":"publish","type":"product","link":"https:\/\/baralivres.ma\/?product=juste-avant-le-bonheur","title":{"rendered":"Juste avant le bonheur"},"content":{"rendered":"<p>Julie, une caissi\u00e8re \u00e9levant seule son fils Lulu, ne croit plus aux contes de f\u00e9es. Un jour sombre, le destin leur sourit, un homme g\u00e9n\u00e9reux les invite \u00e0 sa maison au bord de la mer en Bretagne, ce qui \u00e9veille sa m\u00e9fiance apr\u00e8s des ann\u00e9es de gal\u00e8re, mais pour Lulu et l&rsquo;opportunit\u00e9 de voir la mer, elle pourrait bien saisir cette main tendue.<\/p>\n","protected":false},"excerpt":{"rendered":"<p>Julie, caissi\u00e8re \u00e9levant Lulu seule, voit le destin sourire lorsqu&rsquo;un homme g\u00e9n\u00e9reux les invite en Bretagne.<\/p>\n","protected":false},"featured_media":14119,"comment_status":"open","ping_status":"closed","template":"","meta":{"inline_featured_image":false},"product_cat":[204,143],"product_tag":[],"class_list":{"0":"post-14112","1":"product","2":"type-product","3":"status-publish","4":"has-post-thumbnail","6":"product_cat-francais","7":"product_cat-roman","8":"pa_auteurs-agnes-ledig","10":"first","11":"instock","12":"shipping-taxable","13":"purchasable","14":"product-type-simple"},"_links":{"self":[{"href":"https:\/\/baralivres.ma\/index.php?rest_route=\/wp\/v2\/product\/14112","targetHints":{"allow":["GET"]}}],"collection":[{"href":"https:\/\/baralivres.ma\/index.php?rest_route=\/wp\/v2\/product"}],"about":[{"href":"https:\/\/baralivres.ma\/index.php?rest_route=\/wp\/v2\/types\/product"}],"replies":[{"embeddable":true,"href":"https:\/\/baralivres.ma\/index.php?rest_route=%2Fwp%2Fv2%2Fcomments&post=14112"}],"version-history":[{"count":1,"href":"https:\/\/baralivres.ma\/index.php?rest_route=\/wp\/v2\/product\/14112\/revisions"}],"predecessor-version":[{"id":14120,"href":"https:\/\/baralivres.ma\/index.php?rest_route=\/wp\/v2\/product\/14112\/revisions\/14120"}],"wp:featuredmedia":[{"embeddable":true,"href":"https:\/\/baralivres.ma\/index.php?rest_route=\/wp\/v2\/media\/14119"}],"wp:attachment":[{"href":"https:\/\/baralivres.ma\/index.php?rest_route=%2Fwp%2Fv2%2Fmedia&parent=14112"}],"wp:term":[{"taxonomy":"product_cat","embeddable":true,"href":"https:\/\/baralivres.ma\/index.php?rest_route=%2Fwp%2Fv2%2Fproduct_cat&post=14112"},{"taxonomy":"product_tag","embeddable":true,"href":"https:\/\/baralivres.ma\/index.php?rest_route=%2Fwp%2Fv2%2Fproduct_tag&post=14112"}],"curies":[{"name":"wp","href":"https:\/\/api.w.org\/{rel}","templated":true}]}}