{"id":14109,"date":"2023-10-25T15:46:15","date_gmt":"2023-10-25T14:46:15","guid":{"rendered":"https:\/\/baralivres.ma\/?post_type=product&#038;p=14109"},"modified":"2024-11-28T16:04:11","modified_gmt":"2024-11-28T15:04:11","slug":"phedre","status":"publish","type":"product","link":"https:\/\/baralivres.ma\/?product=phedre","title":{"rendered":"Ph\u00e8dre"},"content":{"rendered":"<p>Ph\u00e8dre tourbillonne dans une passion d\u00e9vorante, entra\u00eenant les h\u00e9ros dans une fureur provoqu\u00e9e par des dieux invisibles. H\u00e9riti\u00e8re maudite, elle devrait aimer Th\u00e9s\u00e9e, mais son amour br\u00fble pour Hippolyte, la conduisant \u00e0 la folie et au crime par une jalousie insoutenable. \u00ab\u00a0Quels vers!\u00a0\u00bb, s&rsquo;exclame Andr\u00e9 Gide. Les po\u00e8mes de Racine sont d&rsquo;une beaut\u00e9 in\u00e9gal\u00e9e dans toutes les langues humaines.<\/p>\n","protected":false},"excerpt":{"rendered":"<p>Ph\u00e8dre, tourment\u00e9e par un amour interdit pour Hippolyte, sombre dans la folie et la trag\u00e9die.<\/p>\n","protected":false},"featured_media":14116,"comment_status":"open","ping_status":"closed","template":"","meta":{"inline_featured_image":false},"product_cat":[4097,4096],"product_tag":[],"class_list":{"0":"post-14109","1":"product","2":"type-product","3":"status-publish","4":"has-post-thumbnail","6":"product_cat-francais-les_romans_classique","7":"product_cat-les_romans_classique","8":"pa_auteurs-racine-jean","10":"first","11":"instock","12":"shipping-taxable","13":"purchasable","14":"product-type-simple"},"_links":{"self":[{"href":"https:\/\/baralivres.ma\/index.php?rest_route=\/wp\/v2\/product\/14109","targetHints":{"allow":["GET"]}}],"collection":[{"href":"https:\/\/baralivres.ma\/index.php?rest_route=\/wp\/v2\/product"}],"about":[{"href":"https:\/\/baralivres.ma\/index.php?rest_route=\/wp\/v2\/types\/product"}],"replies":[{"embeddable":true,"href":"https:\/\/baralivres.ma\/index.php?rest_route=%2Fwp%2Fv2%2Fcomments&post=14109"}],"version-history":[{"count":1,"href":"https:\/\/baralivres.ma\/index.php?rest_route=\/wp\/v2\/product\/14109\/revisions"}],"predecessor-version":[{"id":14117,"href":"https:\/\/baralivres.ma\/index.php?rest_route=\/wp\/v2\/product\/14109\/revisions\/14117"}],"wp:featuredmedia":[{"embeddable":true,"href":"https:\/\/baralivres.ma\/index.php?rest_route=\/wp\/v2\/media\/14116"}],"wp:attachment":[{"href":"https:\/\/baralivres.ma\/index.php?rest_route=%2Fwp%2Fv2%2Fmedia&parent=14109"}],"wp:term":[{"taxonomy":"product_cat","embeddable":true,"href":"https:\/\/baralivres.ma\/index.php?rest_route=%2Fwp%2Fv2%2Fproduct_cat&post=14109"},{"taxonomy":"product_tag","embeddable":true,"href":"https:\/\/baralivres.ma\/index.php?rest_route=%2Fwp%2Fv2%2Fproduct_tag&post=14109"}],"curies":[{"name":"wp","href":"https:\/\/api.w.org\/{rel}","templated":true}]}}