{"id":14106,"date":"2023-10-25T15:45:06","date_gmt":"2023-10-25T14:45:06","guid":{"rendered":"https:\/\/baralivres.ma\/?post_type=product&#038;p=14106"},"modified":"2023-10-25T15:45:07","modified_gmt":"2023-10-25T14:45:07","slug":"le-jour-ou-les-lions-mangeront-de-la-salade-verte","status":"publish","type":"product","link":"https:\/\/baralivres.ma\/?product=le-jour-ou-les-lions-mangeront-de-la-salade-verte","title":{"rendered":"Le jour o\u00f9 les lions mangeront de la salade verte"},"content":{"rendered":"<p>Maximilien Vogue, un homme d&rsquo;affaires influent et charismatique, est dot\u00e9 d&rsquo;une grande confiance en lui. Il incarne parfaitement le lion rugissant au temp\u00e9rament fort, d\u00e9sireux de tout superviser et contr\u00f4ler. C&rsquo;est pr\u00e9cis\u00e9ment pour des individus de ce profil, qu&rsquo;ils soient hommes ou femmes, que Romane Gardener, une trentenaire pleine d&rsquo;audace, a mis en place son programme complet de transformation mentale. Son objectif est de r\u00e9veiller la sensibilit\u00e9, la capacit\u00e9 d&rsquo;\u00e9coute et la bienveillance chez ses clients, apportant ainsi un peu de tendresse et d&rsquo;humanit\u00e9 dans ce monde parfois brutal. La rencontre entre Maximilien et Romane, lui, si fier, et elle, si passionn\u00e9e, s&rsquo;annonce mouvement\u00e9e. Il est certain qu&rsquo;elle aura fort \u00e0 faire, pour son plus grand plaisir !<\/p>\n","protected":false},"excerpt":{"rendered":"<p>Maximilien Vogue, assertive businessman, meets Romane Gardener, a transformation coach, leading to an intriguing clash of personalities.<\/p>\n","protected":false},"featured_media":14113,"comment_status":"open","ping_status":"closed","template":"","meta":{"inline_featured_image":false},"product_cat":[204,143,178],"product_tag":[],"class_list":{"0":"post-14106","1":"product","2":"type-product","3":"status-publish","4":"has-post-thumbnail","6":"product_cat-francais","7":"product_cat-roman","8":"product_cat-contemporain","9":"pa_auteurs-raphaelle-giordano","11":"first","12":"instock","13":"shipping-taxable","14":"purchasable","15":"product-type-simple"},"_links":{"self":[{"href":"https:\/\/baralivres.ma\/index.php?rest_route=\/wp\/v2\/product\/14106","targetHints":{"allow":["GET"]}}],"collection":[{"href":"https:\/\/baralivres.ma\/index.php?rest_route=\/wp\/v2\/product"}],"about":[{"href":"https:\/\/baralivres.ma\/index.php?rest_route=\/wp\/v2\/types\/product"}],"replies":[{"embeddable":true,"href":"https:\/\/baralivres.ma\/index.php?rest_route=%2Fwp%2Fv2%2Fcomments&post=14106"}],"version-history":[{"count":1,"href":"https:\/\/baralivres.ma\/index.php?rest_route=\/wp\/v2\/product\/14106\/revisions"}],"predecessor-version":[{"id":14114,"href":"https:\/\/baralivres.ma\/index.php?rest_route=\/wp\/v2\/product\/14106\/revisions\/14114"}],"wp:featuredmedia":[{"embeddable":true,"href":"https:\/\/baralivres.ma\/index.php?rest_route=\/wp\/v2\/media\/14113"}],"wp:attachment":[{"href":"https:\/\/baralivres.ma\/index.php?rest_route=%2Fwp%2Fv2%2Fmedia&parent=14106"}],"wp:term":[{"taxonomy":"product_cat","embeddable":true,"href":"https:\/\/baralivres.ma\/index.php?rest_route=%2Fwp%2Fv2%2Fproduct_cat&post=14106"},{"taxonomy":"product_tag","embeddable":true,"href":"https:\/\/baralivres.ma\/index.php?rest_route=%2Fwp%2Fv2%2Fproduct_tag&post=14106"}],"curies":[{"name":"wp","href":"https:\/\/api.w.org\/{rel}","templated":true}]}}