{"id":14104,"date":"2023-10-25T15:42:02","date_gmt":"2023-10-25T14:42:02","guid":{"rendered":"https:\/\/baralivres.ma\/?post_type=product&#038;p=14104"},"modified":"2023-10-25T15:42:03","modified_gmt":"2023-10-25T14:42:03","slug":"november-9","status":"publish","type":"product","link":"https:\/\/baralivres.ma\/?product=november-9","title":{"rendered":"November 9"},"content":{"rendered":"<p>C&rsquo;\u00e9tait un jour de novembre, le neuvi\u00e8me du mois. D\u00e8s leur rencontre, Ben a su comprendre les blessures de Fallon, les soigner, et les aimer. Apr\u00e8s un tragique accident \u00e0 l&rsquo;\u00e2ge de 18 ans qui a an\u00e9anti son r\u00eave d&rsquo;actrice, Ben, avec son charme et son talent d&rsquo;\u00e9crivain en herbe, a redonn\u00e9 confiance \u00e0 Fallon. Ils ont partag\u00e9 une journ\u00e9e magique, pleine d&rsquo;instants pr\u00e9cieux, avec une promesse : se retrouver chaque 9 novembre au cours des cinq ann\u00e9es suivantes, pour revivre leur histoire, tout comprendre, et d\u00e9fier l&rsquo;impossible.<\/p>\n","protected":false},"excerpt":{"rendered":"<p>Ben a redonn\u00e9 confiance \u00e0 Fallon apr\u00e8s un accident. Ils se promettent de se retrouver chaque 9 novembre.<\/p>\n","protected":false},"featured_media":14110,"comment_status":"open","ping_status":"closed","template":"","meta":{"inline_featured_image":false},"product_cat":[204,143],"product_tag":[],"class_list":{"0":"post-14104","1":"product","2":"type-product","3":"status-publish","4":"has-post-thumbnail","6":"product_cat-francais","7":"product_cat-roman","8":"pa_auteurs-collen-hoover","10":"first","11":"instock","12":"shipping-taxable","13":"purchasable","14":"product-type-simple"},"_links":{"self":[{"href":"https:\/\/baralivres.ma\/index.php?rest_route=\/wp\/v2\/product\/14104","targetHints":{"allow":["GET"]}}],"collection":[{"href":"https:\/\/baralivres.ma\/index.php?rest_route=\/wp\/v2\/product"}],"about":[{"href":"https:\/\/baralivres.ma\/index.php?rest_route=\/wp\/v2\/types\/product"}],"replies":[{"embeddable":true,"href":"https:\/\/baralivres.ma\/index.php?rest_route=%2Fwp%2Fv2%2Fcomments&post=14104"}],"version-history":[{"count":1,"href":"https:\/\/baralivres.ma\/index.php?rest_route=\/wp\/v2\/product\/14104\/revisions"}],"predecessor-version":[{"id":14111,"href":"https:\/\/baralivres.ma\/index.php?rest_route=\/wp\/v2\/product\/14104\/revisions\/14111"}],"wp:featuredmedia":[{"embeddable":true,"href":"https:\/\/baralivres.ma\/index.php?rest_route=\/wp\/v2\/media\/14110"}],"wp:attachment":[{"href":"https:\/\/baralivres.ma\/index.php?rest_route=%2Fwp%2Fv2%2Fmedia&parent=14104"}],"wp:term":[{"taxonomy":"product_cat","embeddable":true,"href":"https:\/\/baralivres.ma\/index.php?rest_route=%2Fwp%2Fv2%2Fproduct_cat&post=14104"},{"taxonomy":"product_tag","embeddable":true,"href":"https:\/\/baralivres.ma\/index.php?rest_route=%2Fwp%2Fv2%2Fproduct_tag&post=14104"}],"curies":[{"name":"wp","href":"https:\/\/api.w.org\/{rel}","templated":true}]}}