{"id":14098,"date":"2023-10-25T15:37:19","date_gmt":"2023-10-25T14:37:19","guid":{"rendered":"https:\/\/baralivres.ma\/?post_type=product&#038;p=14098"},"modified":"2024-10-27T15:39:17","modified_gmt":"2024-10-27T14:39:17","slug":"layla","status":"publish","type":"product","link":"https:\/\/baralivres.ma\/?product=layla","title":{"rendered":"Layla"},"content":{"rendered":"<p>Quand l&rsquo;amour affronte la mort<\/p>\n<p>Lors du mariage de la s\u0153ur de Layla, Leeds tombe amoureux d&rsquo;elle, mais leur idylle tourne au drame apr\u00e8s qu&rsquo;elle ait \u00e9t\u00e9 bless\u00e9e par balle. Apr\u00e8s sa convalescence, Leeds l&rsquo;invite \u00e0 revenir \u00e0 l&rsquo;endroit de leur rencontre, mais ce lieu tranquille s&rsquo;av\u00e8re troublant, remettant en question tout ce qu&rsquo;il croyait savoir sur Layla.<\/p>\n","protected":false},"excerpt":{"rendered":"<p>L&rsquo;amour na\u00eet lors d&rsquo;un mariage, mais la blessure par balle trouble la qui\u00e9tude et r\u00e9v\u00e8le des myst\u00e8res.<\/p>\n","protected":false},"featured_media":14101,"comment_status":"open","ping_status":"closed","template":"","meta":{"inline_featured_image":false},"product_cat":[3873,68,143,178],"product_tag":[],"class_list":{"0":"post-14098","1":"product","2":"type-product","3":"status-publish","4":"has-post-thumbnail","6":"product_cat-roman-en-francais","7":"product_cat-romance","8":"product_cat-roman","9":"product_cat-contemporain","10":"pa_auteurs-collen-hoover","12":"first","13":"instock","14":"shipping-taxable","15":"purchasable","16":"product-type-simple"},"_links":{"self":[{"href":"https:\/\/baralivres.ma\/index.php?rest_route=\/wp\/v2\/product\/14098","targetHints":{"allow":["GET"]}}],"collection":[{"href":"https:\/\/baralivres.ma\/index.php?rest_route=\/wp\/v2\/product"}],"about":[{"href":"https:\/\/baralivres.ma\/index.php?rest_route=\/wp\/v2\/types\/product"}],"replies":[{"embeddable":true,"href":"https:\/\/baralivres.ma\/index.php?rest_route=%2Fwp%2Fv2%2Fcomments&post=14098"}],"version-history":[{"count":1,"href":"https:\/\/baralivres.ma\/index.php?rest_route=\/wp\/v2\/product\/14098\/revisions"}],"predecessor-version":[{"id":14102,"href":"https:\/\/baralivres.ma\/index.php?rest_route=\/wp\/v2\/product\/14098\/revisions\/14102"}],"wp:featuredmedia":[{"embeddable":true,"href":"https:\/\/baralivres.ma\/index.php?rest_route=\/wp\/v2\/media\/14101"}],"wp:attachment":[{"href":"https:\/\/baralivres.ma\/index.php?rest_route=%2Fwp%2Fv2%2Fmedia&parent=14098"}],"wp:term":[{"taxonomy":"product_cat","embeddable":true,"href":"https:\/\/baralivres.ma\/index.php?rest_route=%2Fwp%2Fv2%2Fproduct_cat&post=14098"},{"taxonomy":"product_tag","embeddable":true,"href":"https:\/\/baralivres.ma\/index.php?rest_route=%2Fwp%2Fv2%2Fproduct_tag&post=14098"}],"curies":[{"name":"wp","href":"https:\/\/api.w.org\/{rel}","templated":true}]}}