{"id":14094,"date":"2023-10-25T15:37:25","date_gmt":"2023-10-25T14:37:25","guid":{"rendered":"https:\/\/baralivres.ma\/?post_type=product&#038;p=14094"},"modified":"2023-10-25T15:38:59","modified_gmt":"2023-10-25T14:38:59","slug":"cupidon-a-des-ailes-en-carton","status":"publish","type":"product","link":"https:\/\/baralivres.ma\/?product=cupidon-a-des-ailes-en-carton","title":{"rendered":"Cupidon a des ailes en carton"},"content":{"rendered":"<p>Meredith a des sentiments profonds pour Antoine, et elle aspire \u00e0 \u00eatre \u00e0 la hauteur de leur relation. Cependant, en tant que com\u00e9dienne en herbe, elle se sent comme une esquisse d&rsquo;elle-m\u00eame, incapable de vivre pleinement leurs \u00e9motions. Cette situation lui est insupportable, et elle envisage de s&rsquo;\u00e9loigner temporairement pour se retrouver et revenir \u00e0 lui sous une forme plus \u00e9panouie.<\/p>\n<p>Profitant d&rsquo;une tourn\u00e9e avec son amie Rose, Meredith entreprend un \u00ab\u00a0Love Tour\u00a0\u00bb personnel. Elle cherche \u00e0 am\u00e9liorer sa capacit\u00e9 \u00e0 aimer en travaillant sur sa relation avec elle-m\u00eame, avec les autres, et avec le monde qui l&rsquo;entoure. Au cours de son voyage, Meredith rencontrera des personnages singuliers qui l&rsquo;aideront \u00e0 avancer, bien que parfois, Cupidon s&rsquo;amuse \u00e0 jouer avec elle. Heureusement, il a plus d&rsquo;une fl\u00e8che \u00e0 sa disposition !<\/p>\n","protected":false},"excerpt":{"rendered":"<p>Meredith, com\u00e9dienne en qu\u00eate d&rsquo;amour, part en tourn\u00e9e pour se trouver et am\u00e9liorer sa relation avec Antoine.<\/p>\n","protected":false},"featured_media":14105,"comment_status":"open","ping_status":"closed","template":"","meta":{"inline_featured_image":false},"product_cat":[204,143],"product_tag":[],"class_list":{"0":"post-14094","1":"product","2":"type-product","3":"status-publish","4":"has-post-thumbnail","6":"product_cat-francais","7":"product_cat-roman","8":"pa_auteurs-raphaelle-giordano","10":"first","11":"instock","12":"shipping-taxable","13":"purchasable","14":"product-type-simple"},"_links":{"self":[{"href":"https:\/\/baralivres.ma\/index.php?rest_route=\/wp\/v2\/product\/14094","targetHints":{"allow":["GET"]}}],"collection":[{"href":"https:\/\/baralivres.ma\/index.php?rest_route=\/wp\/v2\/product"}],"about":[{"href":"https:\/\/baralivres.ma\/index.php?rest_route=\/wp\/v2\/types\/product"}],"replies":[{"embeddable":true,"href":"https:\/\/baralivres.ma\/index.php?rest_route=%2Fwp%2Fv2%2Fcomments&post=14094"}],"version-history":[{"count":1,"href":"https:\/\/baralivres.ma\/index.php?rest_route=\/wp\/v2\/product\/14094\/revisions"}],"predecessor-version":[{"id":14103,"href":"https:\/\/baralivres.ma\/index.php?rest_route=\/wp\/v2\/product\/14094\/revisions\/14103"}],"wp:featuredmedia":[{"embeddable":true,"href":"https:\/\/baralivres.ma\/index.php?rest_route=\/wp\/v2\/media\/14105"}],"wp:attachment":[{"href":"https:\/\/baralivres.ma\/index.php?rest_route=%2Fwp%2Fv2%2Fmedia&parent=14094"}],"wp:term":[{"taxonomy":"product_cat","embeddable":true,"href":"https:\/\/baralivres.ma\/index.php?rest_route=%2Fwp%2Fv2%2Fproduct_cat&post=14094"},{"taxonomy":"product_tag","embeddable":true,"href":"https:\/\/baralivres.ma\/index.php?rest_route=%2Fwp%2Fv2%2Fproduct_tag&post=14094"}],"curies":[{"name":"wp","href":"https:\/\/api.w.org\/{rel}","templated":true}]}}