{"id":14093,"date":"2023-10-25T15:33:20","date_gmt":"2023-10-25T14:33:20","guid":{"rendered":"https:\/\/baralivres.ma\/?post_type=product&#038;p=14093"},"modified":"2024-11-28T15:38:45","modified_gmt":"2024-11-28T14:38:45","slug":"les-mille-et-une-nuits-tome-1","status":"publish","type":"product","link":"https:\/\/baralivres.ma\/?product=les-mille-et-une-nuits-tome-1","title":{"rendered":"Les mille et une nuits &#8211; Tome 1"},"content":{"rendered":"<p>En r\u00e9action \u00e0 l&rsquo;infid\u00e9lit\u00e9 de sa sultane, le sultan Shahryar la condamne \u00e0 mort et, pour pr\u00e9venir l&rsquo;adult\u00e8re, il fait ex\u00e9cuter chaque matin sa nouvelle \u00e9pouse. Sh\u00e9h\u00e9razade, la fille du grand vizir, d\u00e9cide de l&rsquo;\u00e9pouser pour mettre fin \u00e0 ces ex\u00e9cutions. Avec l&rsquo;aide de sa s\u0153ur, elle captive le sultan en racontant chaque nuit une histoire dont la suite est report\u00e9e au lendemain, repoussant ainsi l&rsquo;ex\u00e9cution. Peu \u00e0 peu, elle gagne sa confiance, et apr\u00e8s mille et une nuits de contes, le sultan renonce \u00e0 la faire ex\u00e9cuter.<\/p>\n","protected":false},"excerpt":{"rendered":"<p>Pour \u00e9viter les ex\u00e9cutions matinales, Sh\u00e9h\u00e9razade raconte des contes captivants au sultan Shahryar pendant 1 001 nuits.<\/p>\n","protected":false},"featured_media":14095,"comment_status":"open","ping_status":"closed","template":"","meta":{"inline_featured_image":false},"product_cat":[3873,143],"product_tag":[],"class_list":{"0":"post-14093","1":"product","2":"type-product","3":"status-publish","4":"has-post-thumbnail","6":"product_cat-roman-en-francais","7":"product_cat-roman","8":"pa_auteurs-antoine-galland","10":"first","11":"instock","12":"shipping-taxable","13":"purchasable","14":"product-type-simple"},"_links":{"self":[{"href":"https:\/\/baralivres.ma\/index.php?rest_route=\/wp\/v2\/product\/14093","targetHints":{"allow":["GET"]}}],"collection":[{"href":"https:\/\/baralivres.ma\/index.php?rest_route=\/wp\/v2\/product"}],"about":[{"href":"https:\/\/baralivres.ma\/index.php?rest_route=\/wp\/v2\/types\/product"}],"replies":[{"embeddable":true,"href":"https:\/\/baralivres.ma\/index.php?rest_route=%2Fwp%2Fv2%2Fcomments&post=14093"}],"version-history":[{"count":1,"href":"https:\/\/baralivres.ma\/index.php?rest_route=\/wp\/v2\/product\/14093\/revisions"}],"predecessor-version":[{"id":14096,"href":"https:\/\/baralivres.ma\/index.php?rest_route=\/wp\/v2\/product\/14093\/revisions\/14096"}],"wp:featuredmedia":[{"embeddable":true,"href":"https:\/\/baralivres.ma\/index.php?rest_route=\/wp\/v2\/media\/14095"}],"wp:attachment":[{"href":"https:\/\/baralivres.ma\/index.php?rest_route=%2Fwp%2Fv2%2Fmedia&parent=14093"}],"wp:term":[{"taxonomy":"product_cat","embeddable":true,"href":"https:\/\/baralivres.ma\/index.php?rest_route=%2Fwp%2Fv2%2Fproduct_cat&post=14093"},{"taxonomy":"product_tag","embeddable":true,"href":"https:\/\/baralivres.ma\/index.php?rest_route=%2Fwp%2Fv2%2Fproduct_tag&post=14093"}],"curies":[{"name":"wp","href":"https:\/\/api.w.org\/{rel}","templated":true}]}}